{"id":13,"date":"2022-02-22T12:03:25","date_gmt":"2022-02-22T11:03:25","guid":{"rendered":"https:\/\/farmaceut.org\/3hkkf\/?page_id=13"},"modified":"2022-02-23T10:14:09","modified_gmt":"2022-02-23T09:14:09","slug":"dobrodosli","status":"publish","type":"page","link":"https:\/\/farmaceut.org\/3hkkf\/","title":{"rendered":"Dobrodo\u0161li"},"content":{"rendered":"\n<p>DOBRO DO\u0160LI NA TRE\u0106I HRVATSKI KONGRES KLINI\u010cKE FARMACIJE U ZAGREBU!<\/p>\n\n\n\n<p>Cijenjeni sudionici Kongresa,<\/p>\n\n\n\n<p>\u010dast nam je i zadovoljstvo za\u017eeljeti vam srda\u010dnu dobrodo\u0161licu na <strong>3. hrvatski kongres <\/strong><strong>klini\u010dke <\/strong><strong>farmacije<\/strong>. Kongres ponovno organiziramo nakon punih pet godina zbog COVID-19 pandemije, koja nam je onemogu\u0107ila ranije planirano odr\u017eavanje, s nadom da \u0107e se budu\u0107i kongresi organizirati u povoljnijim okolnostima. Vjerujemo da \u0107e ovaj, ve\u0107 tradicionalan kongres, biti uspje\u0161an po sadr\u017eaju i pozitivnom utjecaju na daljnji razvoj klini\u010dke farmacije u Hrvatskoj.<\/p>\n\n\n\n<p>Kongres, kojeg organiziramo sukladno va\u017ee\u0107im epidemiolo\u0161kim mjerama, odr\u017eava se pod pokroviteljstvom Ministarstva zdravstva i Ministarstva znanosti i obrazovanja Republike Hrvatske. Izuzetna nam je \u010dast da su se pozivu odazvali \u010delnici visokih dr\u017eavnih institucija, farmaceutske industrije te na\u0161i istaknuti stru\u010dnjaci. Sudjelovanje je prijavilo pribli\u017eno 200 farmaceuta, lije\u010dnika i drugih zdravstvenih djelatnika.<\/p>\n\n\n\n<p>Klini\u010dka farmacija, u \u010dijem je sredi\u0161tu interesa bolesnik i njegove individualne potrebe za racionalnom, u\u010dinkovitom i sigurnom farmakoterapijom, sve vi\u0161e postaje dominiraju\u0107i smjer razvoja bolni\u010dkog i javnog ljekarni\u0161tva i u Hrvatskoj. Usavr\u0161avanjem znanja i vje\u0161tina iz podru\u010dja klini\u010dke farmacije, hrvatsko ljekarni\u0161tvo mo\u017ee dodatno osloboditi vlastite stru\u010dne potencijale i dati golem doprinos unaprje\u0111enju hrvatskog zdravstvenog sustava, pobolj\u0161anju ishoda lije\u010denja i sigurnosti bolesnika. Kao relativno nova struka u Hrvatskoj, klini\u010dka farmacija posljednjih desetak godina bilje\u017ei veliki napredak, koji najjasnije pokazuju brojke \u2212 od prija\u0161njih tri sada imamo pedesetak specijalista klini\u010dke farmacije i tristotinjak farmaceuta sa zavr\u0161enim poslijediplomskim specijalisti\u010dkim studijem iz klini\u010dke farmacije. No, unato\u010d tim postignu\u0107ima valja spomenuti i izazove s kojima se susre\u0107emo u praksi te tra\u017eiti puteve za njihovo rje\u0161avanje, na dobrobit na\u0161ih pacijenata kao i struke u cijelosti. Stoga su Organizacijski i Znanstveni odbor za sredi\u0161nju temu Kongresa odabrali &#8220;<strong>Klini\u010dka farmacija u sustavu zdravstva; mogu\u0107nosti i <\/strong><strong>izazovi<\/strong>&#8220;. Prva programska cjelina, sastavljena od \u0161est predavanja i okruglog stola, u cijelosti je posve\u0107ena klini\u010dkoj farmaciji u Hrvatskoj, dosada\u0161njim stru\u010dnim i znanstvenim doprinosima te aktualnoj problematici vezanoj uz njen polo\u017eaj u sustavu zdravstva.<\/p>\n\n\n\n<p>Pripremili smo i program koji obuhva\u0107a \u010ditav niz zanimljivih predavanja i radionica iz podru\u010dja farmakoterapije i klini\u010dke farmacije, poput aktualne problematike vezane za bolest COVID-19, racionalne antimikrobne terapije, novosti u lije\u010denju kroni\u010dnih bolesti. \u017delja nam je istaknuti va\u017enost povezivanja farmaceutske izobrazbe i znanosti s praksom u smjeru klini\u010dke farmacije, kao i neophodnost suradnje svih stru\u010dnjaka u zdravstvu, s ciljem \u0161to uspje\u0161nijeg i sigurnijeg lije\u010denja bolesnika. Vjerujemo i nadamo se da \u0107e ovaj Kongres pridonijeti boljem razumijevanju potencijala i uloge klini\u010dke farmacije i rje\u0161avanju izazova u praksi bolni\u010dkih i javnih ljekarnika u Hrvatskoj.<\/p>\n\n\n\n<p>Uvjereni smo da \u0107e svatko od Vas u sveobuhvatnom programu, sastavljenom od dvadesetak predavanja, 8 radionica te vi\u0161e od 30 usmenih i posterskih izlaganja, prona\u0107i zanimljive i korisne sadr\u017eaje. Poti\u010demo vas da aktivno sudjelujete u radu Kongresa putem rasprava i radionica, te razmjenom iskustava i znanja pridonesete njegovu uspjehu.<\/p>\n\n\n\n<p>Uz radni dio Kongresa pripremili smo i dru\u0161tvene sadr\u017eaje za ugodne susrete i neformalna dru\u017eenja s kolegama, prijateljima i poslovnim partnerima te stjecanje novih poznanstava. Zahvaljujemo vam na sudjelovanju, visokim dr\u017eavnim institucijama na pokroviteljstvu,<\/p>\n\n\n\n<p>pozvanim predava\u010dima na odazivu i podr\u0161ci, aktivnim sudionicima na pripremi radova, izlaga\u010dima na prate\u0107oj farmaceutskoj izlo\u017ebi te sponzorima na pomo\u0107i pri organizaciji.<\/p>\n\n\n\n<p>Veselimo se va\u0161em dolasku i dru\u017eenju tijekom Kongresa!<\/p>\n\n\n\n<p>Predsjednica organizacijskog odbora<br>prof. dr. sc. Vesna Ba\u010di\u0107 Vrca, spec. klini\u010dke farmacije<\/p>\n\n\n\n<figure class=\"wp-block-image size-medium\"><img loading=\"lazy\" decoding=\"async\" width=\"300\" height=\"98\" src=\"https:\/\/farmaceut.org\/3hkkf\/wp-content\/uploads\/2022\/02\/Vesna-Bac\u030cic\u0301-Vrca-potpis-300x98.jpg\" alt=\"\" class=\"wp-image-56\" srcset=\"https:\/\/farmaceut.org\/3hkkf\/wp-content\/uploads\/2022\/02\/Vesna-Bac\u030cic\u0301-Vrca-potpis-300x98.jpg 300w, https:\/\/farmaceut.org\/3hkkf\/wp-content\/uploads\/2022\/02\/Vesna-Bac\u030cic\u0301-Vrca-potpis.jpg 568w\" sizes=\"auto, (max-width: 300px) 100vw, 300px\" \/><\/figure>\n","protected":false},"excerpt":{"rendered":"<p>DOBRO DO\u0160LI NA TRE\u0106I HRVATSKI KONGRES KLINI\u010cKE FARMACIJE U ZAGREBU! Cijenjeni sudionici Kongresa, \u010dast nam je i zadovoljstvo za\u017eeljeti vam srda\u010dnu dobrodo\u0161licu na 3. hrvatski kongres klini\u010dke farmacije. Kongres ponovno organiziramo nakon punih pet godina zbog COVID-19 pandemije, koja nam je onemogu\u0107ila ranije planirano odr\u017eavanje, s nadom da \u0107e se budu\u0107i kongresi organizirati u povoljnijim [&hellip;]<\/p>\n","protected":false},"author":220,"featured_media":0,"parent":0,"menu_order":0,"comment_status":"closed","ping_status":"closed","template":"","meta":{"footnotes":""},"class_list":["post-13","page","type-page","status-publish","hentry"],"_links":{"self":[{"href":"https:\/\/farmaceut.org\/3hkkf\/wp-json\/wp\/v2\/pages\/13","targetHints":{"allow":["GET"]}}],"collection":[{"href":"https:\/\/farmaceut.org\/3hkkf\/wp-json\/wp\/v2\/pages"}],"about":[{"href":"https:\/\/farmaceut.org\/3hkkf\/wp-json\/wp\/v2\/types\/page"}],"author":[{"embeddable":true,"href":"https:\/\/farmaceut.org\/3hkkf\/wp-json\/wp\/v2\/users\/220"}],"replies":[{"embeddable":true,"href":"https:\/\/farmaceut.org\/3hkkf\/wp-json\/wp\/v2\/comments?post=13"}],"version-history":[{"count":3,"href":"https:\/\/farmaceut.org\/3hkkf\/wp-json\/wp\/v2\/pages\/13\/revisions"}],"predecessor-version":[{"id":57,"href":"https:\/\/farmaceut.org\/3hkkf\/wp-json\/wp\/v2\/pages\/13\/revisions\/57"}],"wp:attachment":[{"href":"https:\/\/farmaceut.org\/3hkkf\/wp-json\/wp\/v2\/media?parent=13"}],"curies":[{"name":"wp","href":"https:\/\/api.w.org\/{rel}","templated":true}]}}