{"id":22,"date":"2022-02-23T09:23:55","date_gmt":"2022-02-23T08:23:55","guid":{"rendered":"https:\/\/farmaceut.org\/3hkkf\/?page_id=22"},"modified":"2022-03-08T09:57:51","modified_gmt":"2022-03-08T08:57:51","slug":"sponzori","status":"publish","type":"page","link":"https:\/\/farmaceut.org\/3hkkf\/sponzori\/","title":{"rendered":"Sponzori"},"content":{"rendered":"\t\t<div data-elementor-type=\"wp-page\" data-elementor-id=\"22\" class=\"elementor elementor-22\">\n\t\t\t\t\t\t\t\t\t<section class=\"elementor-section elementor-top-section elementor-element elementor-element-75596189 elementor-section-boxed elementor-section-height-default elementor-section-height-default\" data-id=\"75596189\" data-element_type=\"section\">\n\t\t\t\t\t\t<div class=\"elementor-container elementor-column-gap-no\">\n\t\t\t\t\t<div class=\"elementor-column elementor-col-100 elementor-top-column elementor-element elementor-element-354cad6a\" data-id=\"354cad6a\" data-element_type=\"column\">\n\t\t\t<div class=\"elementor-widget-wrap elementor-element-populated\">\n\t\t\t\t\t\t\t\t<div class=\"elementor-element elementor-element-7491535f elementor-widget elementor-widget-text-editor\" data-id=\"7491535f\" data-element_type=\"widget\" data-widget_type=\"text-editor.default\">\n\t\t\t\t<div class=\"elementor-widget-container\">\n\t\t\t<style>\/*! elementor - v3.6.6 - 08-06-2022 *\/\n.elementor-widget-text-editor.elementor-drop-cap-view-stacked .elementor-drop-cap{background-color:#818a91;color:#fff}.elementor-widget-text-editor.elementor-drop-cap-view-framed .elementor-drop-cap{color:#818a91;border:3px solid;background-color:transparent}.elementor-widget-text-editor:not(.elementor-drop-cap-view-default) .elementor-drop-cap{margin-top:8px}.elementor-widget-text-editor:not(.elementor-drop-cap-view-default) .elementor-drop-cap-letter{width:1em;height:1em}.elementor-widget-text-editor .elementor-drop-cap{float:left;text-align:center;line-height:1;font-size:50px}.elementor-widget-text-editor .elementor-drop-cap-letter{display:inline-block}<\/style>\t\t\t\t<!-- wp:paragraph -->\n<p>Dragi suradnici i partneri,<\/p>\n<!-- \/wp:paragraph -->\n\n<!-- wp:paragraph -->\n<p>Zadovoljstvo nam je obavijestiti Vas da \u0107e Sekcija za klini\u010dku farmaciju Hrvatskog farmaceutskog dru\u0161tva u suradnji s Farmaceutsko-biokemijskim fakultetom Sveu\u010dili\u0161ta u Zagrebu organizirati 3. hrvatski kongres klini\u010dke farmacije, u Zagrebu (Hotel Hilton Garden Inn), 09.-11. lipnja 2022.<\/p>\n<!-- \/wp:paragraph -->\n\n<!-- wp:paragraph -->\n<p>Programom kongresa nastojat \u0107emo obuhvatiti i prikazati sada\u0161nji stupanj razvoja i nove spoznaje u podru\u010dju klini\u010dke farmacije te nizom radionica pokazati njihovu primjenu u ljekarni\u010dkoj praksi.<\/p>\n<!-- \/wp:paragraph -->\n\n<!-- wp:paragraph -->\n<p>S obzirom da je to tre\u0107i kongres klini\u010dke farmacije u Hrvatskoj o\u010dekujemo veliko zanimanje farmaceuta za sudjelovanjem kao i odaziv tvrtki koje se bave proizvodnjom i prometom lijekova.<\/p>\n<!-- \/wp:paragraph -->\n\n<!-- wp:paragraph -->\n<p>U \u017eelji \u0161to bolje organizacije 3. hrvatskog kongresa klini\u010dke farmacije i pripreme programa na \u0161to vi\u0161oj razini, ljubazno Vas molimo za sudjelovanje i financijsku potporu, u okviru Va\u0161ih mogu\u0107nosti.<\/p>\n<!-- \/wp:paragraph -->\n\n<!-- wp:paragraph -->\n<p>Za sve detalje o sponzorskim mogu\u0107nostima, registraciji i pla\u0107anju obratite se putem e-maila: Hrvatsko farmaceutsko dru\u0161tvo, Masarykova 2, 10000 Zagreb, tel.: 01\/4872 849, kontakt osoba mr. sc. Marina Carevi\u0107, e-mail: <a href=\"mailto:marina.carevic@farmaceut.org\">marina.carevic@farmaceut.org<\/a><\/p>\n<!-- \/wp:paragraph -->\n\n<!-- wp:paragraph -->\n<p>Uplatu se mo\u017ee izvr\u0161iti po ispostavljenoj ponudi\/ra\u010dunu na IBAN br. ra\u010duna: HR8923600001101367614.<\/p>\n<!-- \/wp:paragraph -->\n\n<!-- wp:paragraph {\"align\":\"center\"} -->\n<p class=\"has-text-align-center\">Detaljne informacije na web stranici<\/p>\n<!-- \/wp:paragraph -->\n\n<!-- wp:paragraph {\"align\":\"center\"} -->\n<p class=\"has-text-align-center\">Hrvatskog farmaceutskog dru\u0161tva <a href=\"http:\/\/www.farmaceut.org\/3hkkf\/\">www.farmaceut.org\/3hkkf\/<\/a><\/p>\n<!-- \/wp:paragraph -->\t\t\t\t\t\t<\/div>\n\t\t\t\t<\/div>\n\t\t\t\t<div class=\"elementor-element elementor-element-6d13322 elementor-widget elementor-widget-toggle\" data-id=\"6d13322\" data-element_type=\"widget\" data-widget_type=\"toggle.default\">\n\t\t\t\t<div class=\"elementor-widget-container\">\n\t\t\t<style>\/*! elementor - v3.6.6 - 08-06-2022 *\/\n.elementor-toggle{text-align:left}.elementor-toggle .elementor-tab-title{font-weight:700;line-height:1;margin:0;padding:15px;border-bottom:1px solid #d4d4d4;cursor:pointer;outline:none}.elementor-toggle .elementor-tab-title .elementor-toggle-icon{display:inline-block;width:1em}.elementor-toggle .elementor-tab-title .elementor-toggle-icon svg{-webkit-margin-start:-5px;margin-inline-start:-5px;width:1em;height:1em}.elementor-toggle .elementor-tab-title .elementor-toggle-icon.elementor-toggle-icon-right{float:right;text-align:right}.elementor-toggle .elementor-tab-title .elementor-toggle-icon.elementor-toggle-icon-left{float:left;text-align:left}.elementor-toggle .elementor-tab-title .elementor-toggle-icon .elementor-toggle-icon-closed{display:block}.elementor-toggle .elementor-tab-title .elementor-toggle-icon .elementor-toggle-icon-opened{display:none}.elementor-toggle .elementor-tab-title.elementor-active{border-bottom:none}.elementor-toggle .elementor-tab-title.elementor-active .elementor-toggle-icon-closed{display:none}.elementor-toggle .elementor-tab-title.elementor-active .elementor-toggle-icon-opened{display:block}.elementor-toggle .elementor-tab-content{padding:15px;border-bottom:1px solid #d4d4d4;display:none}@media (max-width:767px){.elementor-toggle .elementor-tab-title{padding:12px}.elementor-toggle .elementor-tab-content{padding:12px 10px}}<\/style>\t\t<div class=\"elementor-toggle\" role=\"tablist\">\n\t\t\t\t\t\t\t<div class=\"elementor-toggle-item\">\n\t\t\t\t\t<div id=\"elementor-tab-title-1141\" class=\"elementor-tab-title\" data-tab=\"1\" role=\"tab\" aria-controls=\"elementor-tab-content-1141\" aria-expanded=\"false\">\n\t\t\t\t\t\t\t\t\t\t\t\t<span class=\"elementor-toggle-icon elementor-toggle-icon-left\" aria-hidden=\"true\">\n\t\t\t\t\t\t\t\t\t\t\t\t\t\t\t<span class=\"elementor-toggle-icon-closed\"><i class=\"fas fa-caret-right\"><\/i><\/span>\n\t\t\t\t\t\t\t\t<span class=\"elementor-toggle-icon-opened\"><i class=\"elementor-toggle-icon-opened fas fa-caret-up\"><\/i><\/span>\n\t\t\t\t\t\t\t\t\t\t\t\t\t<\/span>\n\t\t\t\t\t\t\t\t\t\t\t\t<a href=\"\" class=\"elementor-toggle-title\">Dodjela izlo\u017ebenog prostora<\/a>\n\t\t\t\t\t<\/div>\n\n\t\t\t\t\t<div id=\"elementor-tab-content-1141\" class=\"elementor-tab-content elementor-clearfix\" data-tab=\"1\" role=\"tabpanel\" aria-labelledby=\"elementor-tab-title-1141\"><p>Odluke o raspore\u0111ivanju prostora i postavljanju \u0161tandova te sve ostale odluke vezane za izlaga\u010de, isklju\u010divo su odluke kongresnog organizatora. Me\u0111utim, kongresni organizator nastojat \u0107e osigurati da se ispune o\u010dekivanja i \u017eelje svih izlaga\u010da. Izlo\u017ebeni prostor je ograni\u010den, stoga preporu\u010dujemo da svoje prijave i rezervacije podnesete u najkra\u0107em mogu\u0107em roku. Raspodjela pultova\/prostora vr\u0161it \u0107e se na principu \u201cfirst come, first serve\u201d.<\/p><\/div>\n\t\t\t\t<\/div>\n\t\t\t\t\t\t\t<div class=\"elementor-toggle-item\">\n\t\t\t\t\t<div id=\"elementor-tab-title-1142\" class=\"elementor-tab-title\" data-tab=\"2\" role=\"tab\" aria-controls=\"elementor-tab-content-1142\" aria-expanded=\"false\">\n\t\t\t\t\t\t\t\t\t\t\t\t<span class=\"elementor-toggle-icon elementor-toggle-icon-left\" aria-hidden=\"true\">\n\t\t\t\t\t\t\t\t\t\t\t\t\t\t\t<span class=\"elementor-toggle-icon-closed\"><i class=\"fas fa-caret-right\"><\/i><\/span>\n\t\t\t\t\t\t\t\t<span class=\"elementor-toggle-icon-opened\"><i class=\"elementor-toggle-icon-opened fas fa-caret-up\"><\/i><\/span>\n\t\t\t\t\t\t\t\t\t\t\t\t\t<\/span>\n\t\t\t\t\t\t\t\t\t\t\t\t<a href=\"\" class=\"elementor-toggle-title\">Izlo\u017ebeni prostor uklju\u010duje<\/a>\n\t\t\t\t\t<\/div>\n\n\t\t\t\t\t<div id=\"elementor-tab-content-1142\" class=\"elementor-tab-content elementor-clearfix\" data-tab=\"2\" role=\"tabpanel\" aria-labelledby=\"elementor-tab-title-1142\"><p>Samo prostor (modularna kabina nije uklju\u010dena).<\/p>\n<p>Uklju\u010divanje imena i logotipa izlaga\u010dke tvrtke u zavr\u0161ni program i slu\u017ebenu web stranicu Kongresa.<\/p><\/div>\n\t\t\t\t<\/div>\n\t\t\t\t\t\t\t<div class=\"elementor-toggle-item\">\n\t\t\t\t\t<div id=\"elementor-tab-title-1143\" class=\"elementor-tab-title\" data-tab=\"3\" role=\"tab\" aria-controls=\"elementor-tab-content-1143\" aria-expanded=\"false\">\n\t\t\t\t\t\t\t\t\t\t\t\t<span class=\"elementor-toggle-icon elementor-toggle-icon-left\" aria-hidden=\"true\">\n\t\t\t\t\t\t\t\t\t\t\t\t\t\t\t<span class=\"elementor-toggle-icon-closed\"><i class=\"fas fa-caret-right\"><\/i><\/span>\n\t\t\t\t\t\t\t\t<span class=\"elementor-toggle-icon-opened\"><i class=\"elementor-toggle-icon-opened fas fa-caret-up\"><\/i><\/span>\n\t\t\t\t\t\t\t\t\t\t\t\t\t<\/span>\n\t\t\t\t\t\t\t\t\t\t\t\t<a href=\"\" class=\"elementor-toggle-title\">Otkazivanje<\/a>\n\t\t\t\t\t<\/div>\n\n\t\t\t\t\t<div id=\"elementor-tab-content-1143\" class=\"elementor-tab-content elementor-clearfix\" data-tab=\"3\" role=\"tabpanel\" aria-labelledby=\"elementor-tab-title-1143\"><p><strong>Od organizatora:<\/strong><\/p>\n<p>Organizator mo\u017ee izmijeniti ili otkazati izlo\u017ebu ako se dogode nepredvi\u0111ene okolnosti. U slu\u010daju otkaza od strane Organizatora, kompaniji koja izla\u017ee u cijelosti \u0107e se vratiti upla\u0107eni iznos.<\/p>\n<p><strong>Iz tvrtke izlaga\u010da:<\/strong><\/p>\n<p>U slu\u010daju da izlaga\u010dka kompanija otka\u017ee svoje sudjelovanje na Kongresu, izlaga\u010dka tvrtka mora o tome pismeno obavijestiti Organizatora.<\/p>\n<p><strong>Uvjeti otkaza:<\/strong><\/p>\n<p>Prije 15. svibnja 2022. \u2013 50% ukupnog iznosa.<\/p>\n<p>Nakon 16. svibnja 2022. \u2013 povrat sredstava ne\u0107e biti ostvaren Sve dodatne opcije i uvjeti navedeni su u sponzorskoj obavijesti.<\/p><\/div>\n\t\t\t\t<\/div>\n\t\t\t\t\t\t\t\t<\/div>\n\t\t\t\t<\/div>\n\t\t\t\t<\/div>\n\t\t\t\t\t<\/div>\n\t\t<\/div>\n\t\t\t\t\t\t\t<\/div>\n\t\t<\/section>\n\t\t\t\t\t\t\t<\/div>\n\t\t","protected":false},"excerpt":{"rendered":"<p>Dragi suradnici i partneri, Zadovoljstvo nam je obavijestiti Vas da \u0107e Sekcija za klini\u010dku farmaciju Hrvatskog farmaceutskog dru\u0161tva u suradnji s Farmaceutsko-biokemijskim fakultetom Sveu\u010dili\u0161ta u Zagrebu organizirati 3. hrvatski kongres klini\u010dke farmacije, u Zagrebu (Hotel Hilton Garden Inn), 09.-11. lipnja 2022. Programom kongresa nastojat \u0107emo obuhvatiti i prikazati sada\u0161nji stupanj razvoja i nove spoznaje u [&hellip;]<\/p>\n","protected":false},"author":220,"featured_media":0,"parent":0,"menu_order":0,"comment_status":"closed","ping_status":"closed","template":"","meta":{"footnotes":""},"class_list":["post-22","page","type-page","status-publish","hentry"],"_links":{"self":[{"href":"https:\/\/farmaceut.org\/3hkkf\/wp-json\/wp\/v2\/pages\/22","targetHints":{"allow":["GET"]}}],"collection":[{"href":"https:\/\/farmaceut.org\/3hkkf\/wp-json\/wp\/v2\/pages"}],"about":[{"href":"https:\/\/farmaceut.org\/3hkkf\/wp-json\/wp\/v2\/types\/page"}],"author":[{"embeddable":true,"href":"https:\/\/farmaceut.org\/3hkkf\/wp-json\/wp\/v2\/users\/220"}],"replies":[{"embeddable":true,"href":"https:\/\/farmaceut.org\/3hkkf\/wp-json\/wp\/v2\/comments?post=22"}],"version-history":[{"count":9,"href":"https:\/\/farmaceut.org\/3hkkf\/wp-json\/wp\/v2\/pages\/22\/revisions"}],"predecessor-version":[{"id":245,"href":"https:\/\/farmaceut.org\/3hkkf\/wp-json\/wp\/v2\/pages\/22\/revisions\/245"}],"wp:attachment":[{"href":"https:\/\/farmaceut.org\/3hkkf\/wp-json\/wp\/v2\/media?parent=22"}],"curies":[{"name":"wp","href":"https:\/\/api.w.org\/{rel}","templated":true}]}}