{"id":132,"date":"2025-04-28T13:23:09","date_gmt":"2025-04-28T11:23:09","guid":{"rendered":"https:\/\/farmaceut.org\/4hkkf\/?page_id=132"},"modified":"2025-07-03T14:14:22","modified_gmt":"2025-07-03T12:14:22","slug":"organizator","status":"publish","type":"page","link":"https:\/\/farmaceut.org\/4hkkf\/osnovne-informacije\/organizator\/","title":{"rendered":"Organizator"},"content":{"rendered":"\n<div class=\"wp-block-kadence-tabs alignnone\"><div class=\"kt-tabs-wrap kt-tabs-id132_fbf1a9-17 kt-tabs-has-4-tabs kt-active-tab-1 kt-tabs-layout-tabs kt-tabs-tablet-layout-inherit kt-tabs-mobile-layout-inherit kt-tab-alignment-center \"><ul class=\"kt-tabs-title-list\"><li id=\"tab-organizator\" class=\"kt-title-item kt-title-item-1 kt-tabs-svg-show-always kt-tabs-icon-side-right kt-tab-title-active\"><a href=\"#tab-organizator\" data-tab=\"1\" class=\"kt-tab-title kt-tab-title-1 \"><span class=\"kt-title-text\">Organizator<\/span><\/a><\/li><li id=\"tab-organizacijskiodbor\" class=\"kt-title-item kt-title-item-2 kt-tabs-svg-show-always kt-tabs-icon-side-right kt-tab-title-inactive\"><a href=\"#tab-organizacijskiodbor\" data-tab=\"2\" class=\"kt-tab-title kt-tab-title-2 \"><span class=\"kt-title-text\">Organizacijski odbor<\/span><\/a><\/li><li id=\"tab-znanstveniodbor\" class=\"kt-title-item kt-title-item-3 kt-tabs-svg-show-always kt-tabs-icon-side-right kt-tab-title-inactive\"><a href=\"#tab-znanstveniodbor\" data-tab=\"3\" class=\"kt-tab-title kt-tab-title-3 \"><span class=\"kt-title-text\">Znanstveni odbor<\/span><\/a><\/li><li id=\"tab-kontakt\" class=\"kt-title-item kt-title-item-4 kt-tabs-svg-show-always kt-tabs-icon-side-right kt-tab-title-inactive\"><a href=\"#tab-kontakt\" data-tab=\"4\" class=\"kt-tab-title kt-tab-title-4 \"><span class=\"kt-title-text\">Kontakt<\/span><\/a><\/li><\/ul><div class=\"kt-tabs-content-wrap\">\n<div class=\"wp-block-kadence-tab kt-tab-inner-content kt-inner-tab-1 kt-inner-tabb82784-87 lista-odbor\"><div class=\"kt-tab-inner-content-inner\">\n<div class=\"wp-block-group has-global-padding is-layout-constrained wp-container-core-group-is-layout-5dee346c wp-block-group-is-layout-constrained\">\n<p><strong>HRVATSKO FARMACEUTSKO DRU\u0160TVO<\/strong><\/p>\n\n\n\n<p><strong>CROATIAN PHARMACEUTICAL SOCIETY<\/strong><\/p>\n\n\n\n<p><strong>Sekcija za klini\u010dku farmaciju<\/strong><\/p>\n\n\n\n<p>Masarykova 2, 10000 Zagreb, Croatia<\/p>\n\n\n\n<p>Tel: +385 1 48 72 849<\/p>\n\n\n\n<p>Fax: +385 1 48 72 853<\/p>\n\n\n\n<p>OIB: 78917453386<\/p>\n\n\n\n<p>IBAN: HR8923600001101367614<\/p>\n\n\n\n<p>Web:&nbsp;<a href=\"https:\/\/farmaceut.org\/\" target=\"_blank\" rel=\"noreferrer noopener\">farmaceut.org<\/a><\/p>\n\n\n\n<p>e-mail:&nbsp;<a href=\"mailto:hfd-fg-ap@zg.t-com.hr\">info@farmaceut.org<\/a><\/p>\n\n\n\n<p>Facebok |&nbsp;&nbsp;<a href=\"https:\/\/www.facebook.com\/Hrvatsko-farmaceutsko-dru%C5%A1tvo-290810467645602\/\" target=\"_blank\" rel=\"noreferrer noopener\">Hrvatsko farmaceutsko dru\u0161tvo<\/a><\/p>\n\n\n\n<p>Linked In |&nbsp;&nbsp;<a href=\"https:\/\/www.linkedin.com\/company\/10607205?trk=tyah&amp;trkInfo=clickedVertical%3Acompany%2CclickedEntityId%3A10607205%2Cidx%3A2-1-2%2CtarId%3A1461070272328%2Ctas%3Ahrvatsko%20farm\" target=\"_blank\" rel=\"noreferrer noopener\">Hrvatsko farmaceutsko dru\u0161tvo<\/a><\/p>\n<\/div>\n<\/div><\/div>\n\n\n\n<div class=\"wp-block-kadence-tab kt-tab-inner-content kt-inner-tab-2 kt-inner-tab7e02b5-42 lista-odbor\"><div class=\"kt-tab-inner-content-inner\">\n<ul class=\"wp-block-list\">\n<li style=\"margin-bottom:5px\">Ivana Marinovi\u0107 &#8211; predsjednica<\/li>\n\n\n\n<li style=\"margin-bottom:5px\">Vesna Ba\u010di\u0107 Vrca<\/li>\n\n\n\n<li>Dario Bri\u0161ki<\/li>\n\n\n\n<li style=\"margin-bottom:5px\">Marina Carevi\u0107<\/li>\n\n\n\n<li style=\"margin-bottom:5px\">Ljubica Fran\u010di\u0107 Pranjkovi\u0107<\/li>\n\n\n\n<li style=\"margin-bottom:5px\">Cathy Harrison<\/li>\n\n\n\n<li style=\"margin-bottom:5px\">Alpana Mair<\/li>\n\n\n\n<li style=\"margin-bottom:5px\">Ante Orbani\u0107<\/li>\n\n\n\n<li style=\"margin-bottom:5px\">Goran Perkovi\u0107<\/li>\n\n\n\n<li style=\"margin-bottom:5px\">Matej \u0160tuhec<\/li>\n\n\n\n<li>Kamila Urbanczyk<\/li>\n<\/ul>\n<\/div><\/div>\n\n\n\n<div class=\"wp-block-kadence-tab kt-tab-inner-content kt-inner-tab-3 kt-inner-tabef5896-3f lista-odbor\"><div class=\"kt-tab-inner-content-inner\">\n<ul class=\"wp-block-list\">\n<li style=\"margin-bottom:5px\">Slaven Falami\u0107<\/li>\n\n\n\n<li style=\"margin-bottom:5px\">Iva Mucalo<\/li>\n\n\n\n<li style=\"margin-bottom:5px\">Maja Ortner Had\u017eiabdi\u0107<\/li>\n\n\n\n<li style=\"margin-bottom:5px\">Diana Rudan<\/li>\n\n\n\n<li>Ivana Samard\u017ei\u0107<\/li>\n\n\n\n<li style=\"margin-bottom:5px\">Michael Scott<\/li>\n\n\n\n<li>Petra Tur\u010di\u0107<\/li>\n<\/ul>\n<\/div><\/div>\n\n\n\n<div class=\"wp-block-kadence-tab kt-tab-inner-content kt-inner-tab-4 kt-inner-tab1f6ea9-3c lista-odbor\"><div class=\"kt-tab-inner-content-inner\">\n<div class=\"wp-block-group has-global-padding is-layout-constrained wp-container-core-group-is-layout-334a2726 wp-block-group-is-layout-constrained\">\n<div class=\"wp-block-group has-global-padding is-layout-constrained wp-container-core-group-is-layout-5dee346c wp-block-group-is-layout-constrained\">\n<p><strong>O programu:<\/strong><\/p>\n\n\n\n<p>Ivana Marinovi\u0107, e-mail: <a href=\"mailto:marina.carevic@farmaceut.org\">imarinov@kbd.hr<\/a><\/p>\n<\/div>\n\n\n\n<div class=\"wp-block-group has-global-padding is-layout-constrained wp-container-core-group-is-layout-5dee346c wp-block-group-is-layout-constrained\">\n<p><strong>O promotivnim sadr\u017eajima:<\/strong><\/p>\n\n\n\n<p>Marina Carevi\u0107, e-mail:&nbsp;<a href=\"mailto:marina.carevic@farmaceut.org\">marina.carevic@farmaceut.org<\/a><\/p>\n<\/div>\n\n\n\n<div class=\"wp-block-group has-global-padding is-layout-constrained wp-container-core-group-is-layout-5dee346c wp-block-group-is-layout-constrained\">\n<p><strong>Tehni\u010dki organizator:<\/strong><\/p>\n\n\n\n<div class=\"wp-block-group has-global-padding is-layout-constrained wp-container-core-group-is-layout-88d1a47c wp-block-group-is-layout-constrained\">\n<p>Penta PCO, Izidora Kr\u0161njavoga 25, Zagreb<\/p>\n\n\n\n<p>Ana \u017duni\u0107, mob.: +385 91 4033 330, e-mail:&nbsp;<a href=\"mailto:ana.zunic@penta-zagreb.hr\">ana.zunic@penta-zagreb.hr<\/a><\/p>\n\n\n\n<p>Nina Dadi\u0107, mob.:&nbsp;+385 91 2015 006, e-mail:&nbsp;<a href=\"mailto:nina.dadi%C4%87@penta-zagreb.hr\">nina.dadi\u0107@penta-zagreb.hr<\/a><\/p>\n<\/div>\n<\/div>\n<\/div>\n<\/div><\/div>\n<\/div><\/div><\/div>\n\n\n\n<p><\/p>\n","protected":false},"excerpt":{"rendered":"","protected":false},"author":6,"featured_media":0,"parent":56,"menu_order":0,"comment_status":"closed","ping_status":"closed","template":"","meta":{"footnotes":""},"class_list":["post-132","page","type-page","status-publish","hentry"],"_links":{"self":[{"href":"https:\/\/farmaceut.org\/4hkkf\/wp-json\/wp\/v2\/pages\/132","targetHints":{"allow":["GET"]}}],"collection":[{"href":"https:\/\/farmaceut.org\/4hkkf\/wp-json\/wp\/v2\/pages"}],"about":[{"href":"https:\/\/farmaceut.org\/4hkkf\/wp-json\/wp\/v2\/types\/page"}],"author":[{"embeddable":true,"href":"https:\/\/farmaceut.org\/4hkkf\/wp-json\/wp\/v2\/users\/6"}],"replies":[{"embeddable":true,"href":"https:\/\/farmaceut.org\/4hkkf\/wp-json\/wp\/v2\/comments?post=132"}],"version-history":[{"count":13,"href":"https:\/\/farmaceut.org\/4hkkf\/wp-json\/wp\/v2\/pages\/132\/revisions"}],"predecessor-version":[{"id":305,"href":"https:\/\/farmaceut.org\/4hkkf\/wp-json\/wp\/v2\/pages\/132\/revisions\/305"}],"up":[{"embeddable":true,"href":"https:\/\/farmaceut.org\/4hkkf\/wp-json\/wp\/v2\/pages\/56"}],"wp:attachment":[{"href":"https:\/\/farmaceut.org\/4hkkf\/wp-json\/wp\/v2\/media?parent=132"}],"curies":[{"name":"wp","href":"https:\/\/api.w.org\/{rel}","templated":true}]}}