{"id":134,"date":"2025-04-28T13:23:24","date_gmt":"2025-04-28T11:23:24","guid":{"rendered":"https:\/\/farmaceut.org\/4hkkf\/?page_id=134"},"modified":"2025-05-22T15:23:22","modified_gmt":"2025-05-22T13:23:22","slug":"smjestaj","status":"publish","type":"page","link":"https:\/\/farmaceut.org\/4hkkf\/osnovne-informacije\/smjestaj\/","title":{"rendered":"Smje\u0161taj"},"content":{"rendered":"\n<div class=\"wp-block-group has-global-padding is-layout-constrained wp-container-core-group-is-layout-334a2726 wp-block-group-is-layout-constrained\">\n<p><strong><a href=\"https:\/\/www.hilton.com\/en\/hotels\/zagpagi-hilton-garden-inn-zagreb-radnicka\/\" target=\"_blank\" rel=\"noreferrer noopener\">HOTEL HILTON GARDEN INN, Radni\u010dka cesta 21, Zagreb<\/a><\/strong><\/p>\n\n\n\n<p><strong>DATUM 16.10.-18.10.2025<\/strong><\/p>\n\n\n\n<p><strong>Rezervacija smje\u0161taja mogu\u0107a je samo uz dokaz o uplati kotizacije!<\/strong><\/p>\n\n\n\n<p><strong>Smje\u0161tajni kapaciteti \u0107e se popunjavati prema primitku rezervacije i uplate, do popunjenja.<\/strong><\/p>\n<\/div>\n\n\n\n<figure class=\"wp-block-flexible-table-block-table tablica-rokova\"><table class=\"has-fixed-layout\"><thead><tr><th style=\"text-align:center;width:50%;background-color:#7dbf73;color:#ffffff\">VRSTA SOBE<\/th><th style=\"text-align:center;background-color:#7dbf73;color:#ffffff\">CIJENA SOBE PO NO\u0106I<\/th><\/tr><\/thead><tbody><tr><td style=\"width:30%\">Standardna soba &#8211; jednokrevetna<\/td><td style=\"text-align:center\">136,86 EUR<\/td><\/tr><tr><td style=\"width:30%\">Standardna soba &#8211; dvokrevetna<\/td><td style=\"text-align:center\">148,72 EUR<\/td><\/tr><\/tbody><\/table><\/figure>\n\n\n\n<div class=\"wp-block-group has-global-padding is-layout-constrained wp-container-core-group-is-layout-334a2726 wp-block-group-is-layout-constrained\">\n<p>Navedene cijene uklju\u010duju smje\u0161taj u standardnoj sobi za jednu ili dvije osobe, boravi\u0161nu pristojbu, bife doru\u010dak, brzi internet u sobama i svim prostorima hotela te kori\u0161tenje fitness centra bez naknade.<\/p>\n\n\n\n<p>Cijena parkinga po satu 2 \u20ac te 20 \u20ac po danu.<\/p>\n<\/div>\n\n\n\n<p><strong>Va\u017eno:<\/strong>&nbsp;u slu\u010daju da sudionik nije u mogu\u0107nosti sudjelovati na konferenciji, potrebno je pisanim putem obavijestiti tehni\u010dkog organizatora na email&nbsp;<a href=\"mailto:antonio.naranca@penta-zagreb.hr\">antonio.naranca@penta-zagreb.hr<\/a>.<\/p>\n\n\n\n<p><strong>OTKAZ SMJE\u0160TAJA:<\/strong><\/p>\n\n\n\n<ul class=\"wp-block-list\">\n<li>Otkaz smje\u0161taja do 16. kolovoza 2025. mogu\u0107e je uz puni povrat sredstava.<\/li>\n\n\n\n<li>Otkaz smje\u0161taja od 17. kolovoza do 16. rujna 2025. je mogu\u0107, uz napomenu da \u0107e biti napla\u0107eni tro\u0161kovi prvog no\u0107enja.<\/li>\n\n\n\n<li>Za otkaz smje\u0161taja od 17. rujna 2025., u slu\u010daju nedolaska u hotel, kasnijeg dolaska ili ranijeg odlaska, sudionik je du\u017ean pokriti tro\u0161kove cjelokupnog smje\u0161taja.<\/li>\n\n\n\n<li>U slu\u010daju kasnijeg dolaska u hotel od planiranog (odnosi se na datum dolaska), potrebno je navedeno javiti hotelu ili organizatoru. U slu\u010daju nejavljanja postoji mogu\u0107nost da \u0107e smje\u0161taj biti napla\u0107en, a ne\u0107e vi\u0161e biti na raspolaganju.<\/li>\n<\/ul>\n","protected":false},"excerpt":{"rendered":"<p>HOTEL HILTON GARDEN INN, Radni\u010dka cesta 21, Zagreb DATUM 16.10.-18.10.2025 Rezervacija smje\u0161taja mogu\u0107a je samo uz dokaz o uplati kotizacije! Smje\u0161tajni kapaciteti \u0107e se popunjavati prema primitku rezervacije i uplate, do popunjenja. Navedene cijene uklju\u010duju smje\u0161taj u standardnoj sobi za jednu ili dvije osobe, boravi\u0161nu pristojbu, bife doru\u010dak, brzi internet u sobama i svim prostorima [&hellip;]<\/p>\n","protected":false},"author":6,"featured_media":0,"parent":56,"menu_order":0,"comment_status":"closed","ping_status":"closed","template":"","meta":{"footnotes":""},"class_list":["post-134","page","type-page","status-publish","hentry"],"_links":{"self":[{"href":"https:\/\/farmaceut.org\/4hkkf\/wp-json\/wp\/v2\/pages\/134","targetHints":{"allow":["GET"]}}],"collection":[{"href":"https:\/\/farmaceut.org\/4hkkf\/wp-json\/wp\/v2\/pages"}],"about":[{"href":"https:\/\/farmaceut.org\/4hkkf\/wp-json\/wp\/v2\/types\/page"}],"author":[{"embeddable":true,"href":"https:\/\/farmaceut.org\/4hkkf\/wp-json\/wp\/v2\/users\/6"}],"replies":[{"embeddable":true,"href":"https:\/\/farmaceut.org\/4hkkf\/wp-json\/wp\/v2\/comments?post=134"}],"version-history":[{"count":11,"href":"https:\/\/farmaceut.org\/4hkkf\/wp-json\/wp\/v2\/pages\/134\/revisions"}],"predecessor-version":[{"id":278,"href":"https:\/\/farmaceut.org\/4hkkf\/wp-json\/wp\/v2\/pages\/134\/revisions\/278"}],"up":[{"embeddable":true,"href":"https:\/\/farmaceut.org\/4hkkf\/wp-json\/wp\/v2\/pages\/56"}],"wp:attachment":[{"href":"https:\/\/farmaceut.org\/4hkkf\/wp-json\/wp\/v2\/media?parent=134"}],"curies":[{"name":"wp","href":"https:\/\/api.w.org\/{rel}","templated":true}]}}