{"id":185,"date":"2025-04-29T11:10:31","date_gmt":"2025-04-29T09:10:31","guid":{"rendered":"https:\/\/farmaceut.org\/4hkkf\/?page_id=185"},"modified":"2025-04-29T14:07:00","modified_gmt":"2025-04-29T12:07:00","slug":"generalni-uvjeti","status":"publish","type":"page","link":"https:\/\/farmaceut.org\/4hkkf\/osnovne-informacije\/generalni-uvjeti\/","title":{"rendered":"Generalni uvjeti"},"content":{"rendered":"\n<div class=\"wp-block-group has-global-padding is-layout-constrained wp-container-core-group-is-layout-7d0d3654 wp-block-group-is-layout-constrained\">\n<div class=\"wp-block-group has-global-padding is-layout-constrained wp-container-core-group-is-layout-334a2726 wp-block-group-is-layout-constrained\">\n<p>4. HRVATSKI KONGRES KLINI\u010cKE FARMACIJE odr\u017eat \u0107e se u\u017eivo, u hotelu Hilton Garden Inn 4* u Zagrebu, u periodu 16. &#8211; 18.10.2025.<\/p>\n\n\n\n<p>Ljubazno Vas molimo da pa\u017eljivo pro\u010ditate ni\u017ee navedeni tekst, kako bi bili upoznati sa svim informacijama i uvjetima sudjelovanja.<\/p>\n<\/div>\n\n\n\n<div class=\"wp-block-group has-global-padding is-layout-constrained wp-container-core-group-is-layout-334a2726 wp-block-group-is-layout-constrained\">\n<h2 class=\"wp-block-heading has-large-font-size\">Mjesto odr\u017eavanja<\/h2>\n\n\n\n<p>Zagreb, Grad Zagreb.<\/p>\n<\/div>\n\n\n\n<div class=\"wp-block-group has-global-padding is-layout-constrained wp-container-core-group-is-layout-334a2726 wp-block-group-is-layout-constrained\">\n<h2 class=\"wp-block-heading has-large-font-size\">Hotel<\/h2>\n\n\n\n<p>Kongres \u0107e se odr\u017eati u hotelu <a href=\"https:\/\/www.hilton.com\/en\/hotels\/zagpagi-hilton-garden-inn-zagreb-radnicka\/\" target=\"_blank\" rel=\"noreferrer noopener\">Hilton Garden Inn 4*<\/a>.<\/p>\n\n\n\n<p>Smje\u0161taj tokom Kongresa tako\u0111er je mogu\u0107 u navedenom hotelu.<\/p>\n\n\n\n<p>Vi\u0161e informacija mo\u017eete prona\u0107i&nbsp;<strong><a href=\"https:\/\/farmaceut.org\/4hkkf\/osnovne-informacije\/smjestaj\/\" data-type=\"page\" data-id=\"134\">OVDJE<\/a><\/strong>.<\/p>\n<\/div>\n\n\n\n<div class=\"wp-block-group has-global-padding is-layout-constrained wp-container-core-group-is-layout-334a2726 wp-block-group-is-layout-constrained\">\n<h2 class=\"wp-block-heading has-large-font-size\">Akreditacija<\/h2>\n\n\n\n<p>Prilikom registracije svaki sudionik uz materijale dobiva akreditaciju koju treba nositi tijekom kongresa. Nazo\u010dnost radu kongresa ne\u0107e biti mogu\u0107a bez akreditacije.<\/p>\n<\/div>\n\n\n\n<div class=\"wp-block-group has-global-padding is-layout-constrained wp-container-core-group-is-layout-334a2726 wp-block-group-is-layout-constrained\">\n<h2 class=\"wp-block-heading has-large-font-size\">Slu\u017ebeni jezik<\/h2>\n\n\n\n<p>Slu\u017ebeni jezik je hrvatski, bez simultanog prevo\u0111enja.<\/p>\n<\/div>\n\n\n\n<div class=\"wp-block-group has-global-padding is-layout-constrained wp-container-core-group-is-layout-334a2726 wp-block-group-is-layout-constrained\">\n<h2 class=\"wp-block-heading has-large-font-size\">Osiguranje<\/h2>\n\n\n\n<p>Organizacijski odbor i tehni\u010dki organizator ne preuzimaju odgovornost za slu\u010daj pretrpljenih ozljeda, gubitaka ili mogu\u0107e \u0161tete za sudionike stru\u010dnog skupa u dolasku, za vrijeme trajanja i na povratku. Sudionici mogu dogovoriti i uplatiti putno zdravstveno osiguranje u agenciji Penta.<\/p>\n<\/div>\n\n\n\n<div class=\"wp-block-group has-global-padding is-layout-constrained wp-container-core-group-is-layout-334a2726 wp-block-group-is-layout-constrained\">\n<h2 class=\"wp-block-heading has-large-font-size\">Va\u017eni datumi<\/h2>\n\n\n\n<p>Prijave (i eventualne naknadne promjene) za sve kongresne usluge vr\u0161e se tehni\u010dkom organizatoru, dok se uplate za kotizacije sudionika vr\u0161e po dobivenoj ponudi na agenciju Penta d.o.o.<\/p>\n\n\n\n<p>Tehni\u010dki organizator kongresa: PENTA d.o.o. \u2013 Izidora Kr\u0161njavoga 25, 10000 Zagreb.<\/p>\n\n\n\n<p>E- mail:&nbsp;<a><\/a><a href=\"mailto:penta@penta-zagreb.hr%0d\">penta@penta-zagreb.hr<\/a><\/p>\n<\/div>\n\n\n\n<div class=\"wp-block-group has-global-padding is-layout-constrained wp-container-core-group-is-layout-334a2726 wp-block-group-is-layout-constrained\">\n<h2 class=\"wp-block-heading has-large-font-size\">Otkazi sudjelovanja\/usluga<\/h2>\n\n\n\n<p><strong>OTKAZ KOTIZACIJE:<\/strong><\/p>\n\n\n\n<ul style=\"margin-bottom:15px\" class=\"wp-block-list\">\n<li style=\"margin-bottom:5px\">Otkaz sudjelovanja do 16. kolovoza 2025. mogu\u0107 je uz puni povrat sredstava.<\/li>\n\n\n\n<li style=\"margin-bottom:5px\">Za otkaz sudjelovanja od 17. kolovoza do 16. rujna 2025. povrat \u0107e biti umanjen za administracijsku naknadu koja iznosi&nbsp;<strong>80 EUR&nbsp;<\/strong>po sudioniku.<\/li>\n\n\n\n<li>Za otkaz sudjelovanja od 17. rujna 2025. povrat iznosa kotizacije nije mogu\u0107.<\/li>\n<\/ul>\n\n\n\n<p><strong>OTKAZ SMJE\u0160TAJA:<\/strong><\/p>\n\n\n\n<ul style=\"margin-bottom:15px\" class=\"wp-block-list\">\n<li style=\"margin-bottom:5px\">Otkaz smje\u0161taja do 16. kolovoza 2025. mogu\u0107e je uz puni povrat sredstava.<\/li>\n\n\n\n<li style=\"margin-bottom:5px\">Otkaz smje\u0161taja od 17. kolovoza do 16. rujna 2025. je mogu\u0107, uz napomenu da \u0107e biti napla\u0107eni tro\u0161kovi prvog no\u0107enja.<\/li>\n\n\n\n<li style=\"margin-bottom:5px\">Za otkaz smje\u0161taja od 17. rujna 2025., u slu\u010daju nedolaska u hotel, kasnijeg dolaska ili ranijeg odlaska, sudionik je du\u017ean pokriti tro\u0161kove cjelokupnog smje\u0161taja.<\/li>\n\n\n\n<li>U slu\u010daju kasnijeg dolaska u hotel od planiranog (odnosi se na datum dolaska), potrebno je navedeno javiti hotelu ili organizatoru. U slu\u010daju nejavljanja postoji mogu\u0107nost da \u0107e smje\u0161taj biti napla\u0107en, a ne\u0107e vi\u0161e biti na raspolaganju.<\/li>\n<\/ul>\n<\/div>\n\n\n\n<div class=\"wp-block-group has-border-color has-primary-border-color has-global-padding is-layout-constrained wp-container-core-group-is-layout-da033ce6 wp-block-group-is-layout-constrained\" style=\"border-width:2px;padding-top:var(--wp--preset--spacing--x-small);padding-right:var(--wp--preset--spacing--x-small);padding-bottom:var(--wp--preset--spacing--x-small);padding-left:var(--wp--preset--spacing--x-small)\">\n<h2 class=\"wp-block-heading has-large-font-size\">Izmjene usluga, imena i faktura<\/h2>\n\n\n\n<p><strong>Ljubazno vas molimo da poslanu ponudu \/ fakturu pregledate, jer \u0107e se sve eventualne izmjene imena, usluga i datuma u prijavi, odnosno ponudi \/ fakturi za Kongres,&nbsp;mo\u0107i bez naplate izvr\u0161iti do 5 radnih dana od primitka iste.<\/strong><\/p>\n\n\n\n<p><strong>Nakon 5 radnih dana, svaka izmjena napla\u0107uje se 10,00 \u20ac po promjeni radi daljnjih operativnih postupaka, stoga vas molimo za va\u0161u punu pa\u017enju i preciznost prilikom unosa podataka.<\/strong><\/p>\n<\/div>\n\n\n\n<div class=\"wp-block-group has-global-padding is-layout-constrained wp-container-core-group-is-layout-334a2726 wp-block-group-is-layout-constrained\">\n<h2 class=\"wp-block-heading has-large-font-size\">Pla\u0107anje<\/h2>\n\n\n\n<p>Mogu\u0107i na\u010dini pla\u0107anja su bankovna doznaka i kreditna kartica.<\/p>\n\n\n\n<p><strong>Za uplate:<\/strong>&nbsp;broj predra\u010duna pod \u201epoziv na broj\u201c.<\/p>\n\n\n\n<p>Bankovne naknade su odgovornost uplatitelja te je platitelj du\u017ean podmiriti sve bankovne naknade.<\/p>\n\n\n\n<p>Kori\u0161tenje osobnih podataka&nbsp;i snimljenih fotografija tijekom Kongresa.<\/p>\n\n\n\n<p>Podaci prikupljeni putem prijave za sudjelovanje na Klini\u010dka farmacija 2025, od 16. do 18. listopad 2025.&nbsp; (dalje: Klini\u010dka farmacija) mogu se smatrati osobnim podacima te podlijegati za\u0161titi propisanoj Uredbom (EU) 2016\/679 EU Parlamenta i Vije\u0107a od 27. travnja 2016. godine o za\u0161titi pojedinaca u vezi s obradom osobnih podataka i slobodnom kretanju takvih podataka te o stavljanju izvan snage Direktive 95\/46\/EZ (<strong>Op\u0107a uredba o za\u0161titi podataka<\/strong>), kao i Zakonu o provedbi Op\u0107e uredbe o za\u0161titi osobnih podataka (NN 48\/2018).<\/p>\n\n\n\n<p>Osobni podaci zaprimljeni u prijavi na Klini\u010dka farmacija (dalje: Prijavnica) &nbsp;pohranjuju se na siguran na\u010din u bazi dru\u0161tva PENTA d.o.o., Zagreb, Izidora Kr\u0161njavoga 25, OIB: 31375495391 (dalje: Penta). Prijavom svaki sudionik potvr\u0111uje da se njegovi podaci smiju koristiti u svrhe organizacije Kongresa. U slu\u010daju da sudionik u Prijavnici ne unesene zatra\u017eene osobne podatke, ne\u0107e biti u mogu\u0107nosti izvr\u0161iti prijavu niti sudjelovati na Klini\u010dka farmacija.<\/p>\n\n\n\n<p>Penta osobne podatke navedene u Prijavnici prikuplja, obra\u0111uje i pohranjuje u ime Hrvatskog Farmaceutskog Dru\u0161tva, Zagreb, kao zajedni\u010dkih voditelja obrade osobnih podataka. Navedeni podaci \u0107e se prikupljati i obra\u0111ivati isklju\u010divo i samo u svrhu ostvarivanja prava i ispunjavanja obveza po osnovi Va\u0161e prijave i sudjelovanja na Klini\u010dka farmacija te slanja ra\u010duna za kotizaciju.<\/p>\n\n\n\n<p>Nadalje, prijavom potvr\u0111ujete da ste upoznati s pravom da u svakom trenutku od Zajedni\u010dkih voditelja obrade, odnosno od svakog od njih mo\u017eete zatra\u017eiti pristup Va\u0161im osobnim podacima, ispravak ili brisanje Va\u0161ih osobnih podataka ili ograni\u010davanje obrade, te pravo na prenosivost Va\u0161ih podataka.<\/p>\n\n\n\n<p>Zajedni\u010dki voditelji obrade i Penta kao izvr\u0161itelj obrade primjenjuju odgovaraju\u0107e tehni\u010dke i organizacijske mjere kako bi Va\u0161i osobni podaci bili sigurni i za\u0161ti\u0107eni od neovla\u0161tenog pristupa, zlouporabe, otkrivanja, gubitka ili uni\u0161tenja. Zajedni\u010dki voditelji obrade i Penta kao izvr\u0161itelj obrade \u0161tite Va\u0161u privatnost i \u010duvaju povjerljivost Va\u0161ih osobnih podataka prikupljenih u skladu s Prijavnicom. Zajedni\u010dki voditelji obrade ne\u0107e Va\u0161e osobne podatke proslje\u0111ivati niti razmjenjivati s tre\u0107im osobama, niti koristiti u bilo koju drugu svrhu izuzev u svrhu navedenu u Prijavnici. Penta kao izvr\u0161itelj obrade Va\u0161e osobne podatke proslje\u0111uje Ovla\u0161tenim primateljima isklju\u010divo u svrhu ostvarivanja prava i obveza koja proizlaze iz Va\u0161eg sudjelovanja na Klini\u010dka farmacija. Lista Ovla\u0161tenih primatelja redovno \u0107e se a\u017eurirati i objavljivat na za\u0161ti\u0107enoj stranici penta-pco.com. Penta kao izvr\u0161itelj obrade Va\u0161e osobne podatke pohranjuje, odnosno bri\u0161e ili vra\u0107a Zajedni\u010dkim voditeljima obrade, u skladu s nalogom pojedinog voditelja obrade.<\/p>\n\n\n\n<p>Kongres \u0107e biti fotografiran te pla\u0107anjem kotizacije odobravate kori\u0161tenje va\u0161ih fotografija u slu\u017ebene svrhe na slu\u017ebenih stranicama HFD-a i Kongresa.<\/p>\n<\/div>\n<\/div>\n","protected":false},"excerpt":{"rendered":"<p>4. HRVATSKI KONGRES KLINI\u010cKE FARMACIJE odr\u017eat \u0107e se u\u017eivo, u hotelu Hilton Garden Inn 4* u Zagrebu, u periodu 16. &#8211; 18.10.2025. Ljubazno Vas molimo da pa\u017eljivo pro\u010ditate ni\u017ee navedeni tekst, kako bi bili upoznati sa svim informacijama i uvjetima sudjelovanja. Mjesto odr\u017eavanja Zagreb, Grad Zagreb. Hotel Kongres \u0107e se odr\u017eati u hotelu Hilton Garden [&hellip;]<\/p>\n","protected":false},"author":6,"featured_media":0,"parent":56,"menu_order":0,"comment_status":"closed","ping_status":"closed","template":"","meta":{"footnotes":""},"class_list":["post-185","page","type-page","status-publish","hentry"],"_links":{"self":[{"href":"https:\/\/farmaceut.org\/4hkkf\/wp-json\/wp\/v2\/pages\/185","targetHints":{"allow":["GET"]}}],"collection":[{"href":"https:\/\/farmaceut.org\/4hkkf\/wp-json\/wp\/v2\/pages"}],"about":[{"href":"https:\/\/farmaceut.org\/4hkkf\/wp-json\/wp\/v2\/types\/page"}],"author":[{"embeddable":true,"href":"https:\/\/farmaceut.org\/4hkkf\/wp-json\/wp\/v2\/users\/6"}],"replies":[{"embeddable":true,"href":"https:\/\/farmaceut.org\/4hkkf\/wp-json\/wp\/v2\/comments?post=185"}],"version-history":[{"count":3,"href":"https:\/\/farmaceut.org\/4hkkf\/wp-json\/wp\/v2\/pages\/185\/revisions"}],"predecessor-version":[{"id":221,"href":"https:\/\/farmaceut.org\/4hkkf\/wp-json\/wp\/v2\/pages\/185\/revisions\/221"}],"up":[{"embeddable":true,"href":"https:\/\/farmaceut.org\/4hkkf\/wp-json\/wp\/v2\/pages\/56"}],"wp:attachment":[{"href":"https:\/\/farmaceut.org\/4hkkf\/wp-json\/wp\/v2\/media?parent=185"}],"curies":[{"name":"wp","href":"https:\/\/api.w.org\/{rel}","templated":true}]}}