{"id":41,"date":"2025-03-19T10:43:03","date_gmt":"2025-03-19T09:43:03","guid":{"rendered":"https:\/\/farmaceut.org\/4hkkf\/?page_id=41"},"modified":"2025-07-08T15:56:52","modified_gmt":"2025-07-08T13:56:52","slug":"hljk-bodovi","status":"publish","type":"page","link":"https:\/\/farmaceut.org\/4hkkf\/osnovne-informacije\/hljk-bodovi\/","title":{"rendered":"HLJK bodovi"},"content":{"rendered":"\n<div class=\"wp-block-group has-global-padding is-layout-constrained wp-container-core-group-is-layout-334a2726 wp-block-group-is-layout-constrained\">\n<h2 class=\"wp-block-heading has-large-font-size\">Bodovanje<\/h2>\n\n\n\n<p>Sudionici \u0107e za sudjelovanje na kongresu 4. HRVATSKI KONGRES KLINI\u010cKE FARMACIJE biti bodovani prema Pravilniku Hrvatske ljekarni\u010dke komore o bodovanju:<\/p>\n\n\n\n<ul class=\"wp-block-list\">\n<li style=\"margin-bottom:5px\">Za pasivno sudjelovanje \u2013\u00a010 bodova<\/li>\n\n\n\n<li>Za aktivno sudjelovanje \u2013\u00a0 6 bodova<\/li>\n<\/ul>\n<\/div>\n\n\n\n<p><\/p>\n","protected":false},"excerpt":{"rendered":"<p>Bodovanje Sudionici \u0107e za sudjelovanje na kongresu 4. HRVATSKI KONGRES KLINI\u010cKE FARMACIJE biti bodovani prema Pravilniku Hrvatske ljekarni\u010dke komore o bodovanju:<\/p>\n","protected":false},"author":6,"featured_media":0,"parent":56,"menu_order":0,"comment_status":"closed","ping_status":"closed","template":"","meta":{"footnotes":""},"class_list":["post-41","page","type-page","status-publish","hentry"],"_links":{"self":[{"href":"https:\/\/farmaceut.org\/4hkkf\/wp-json\/wp\/v2\/pages\/41","targetHints":{"allow":["GET"]}}],"collection":[{"href":"https:\/\/farmaceut.org\/4hkkf\/wp-json\/wp\/v2\/pages"}],"about":[{"href":"https:\/\/farmaceut.org\/4hkkf\/wp-json\/wp\/v2\/types\/page"}],"author":[{"embeddable":true,"href":"https:\/\/farmaceut.org\/4hkkf\/wp-json\/wp\/v2\/users\/6"}],"replies":[{"embeddable":true,"href":"https:\/\/farmaceut.org\/4hkkf\/wp-json\/wp\/v2\/comments?post=41"}],"version-history":[{"count":3,"href":"https:\/\/farmaceut.org\/4hkkf\/wp-json\/wp\/v2\/pages\/41\/revisions"}],"predecessor-version":[{"id":306,"href":"https:\/\/farmaceut.org\/4hkkf\/wp-json\/wp\/v2\/pages\/41\/revisions\/306"}],"up":[{"embeddable":true,"href":"https:\/\/farmaceut.org\/4hkkf\/wp-json\/wp\/v2\/pages\/56"}],"wp:attachment":[{"href":"https:\/\/farmaceut.org\/4hkkf\/wp-json\/wp\/v2\/media?parent=41"}],"curies":[{"name":"wp","href":"https:\/\/api.w.org\/{rel}","templated":true}]}}