{"id":1160,"date":"2024-05-05T18:07:21","date_gmt":"2024-05-05T16:07:21","guid":{"rendered":"https:\/\/farmaceut.org\/7kongres\/?page_id=1160"},"modified":"2024-05-08T22:25:50","modified_gmt":"2024-05-08T20:25:50","slug":"transferi","status":"publish","type":"page","link":"https:\/\/farmaceut.org\/7kongres\/osnovne-informacije\/transferi\/","title":{"rendered":"Transferi"},"content":{"rendered":"\n<p>Sve putnike koji su izabrali opciju putovanja autobusom prema Dubrovniku molimo da po\u0161tuju navedene satnice, te da na mjesto ukrcaja do\u0111u najmanje 20&#8242; ranije. Autobusi kre\u0107u prema rasporedu vo\u017enje.<\/p>\n\n\n\n<p><strong>REDOSLIJED ISKRCAJA\/ UKRCAJA<\/strong><\/p>\n\n\n\n<p>ISKRCAJ 16.05.2024.- Hotel Valamar Sunny, Hotel Valamar Lacroma, Hotel Valamar Tirena, Hotel Valamar Argosy<\/p>\n\n\n\n<p>UKRCAJ 19.05.2024.- Hotel Valamar Argosy, Hotel Valamar Tirena, Hotel Valamar Lacroma, Hotel Valamar Sunny<\/p>\n\n\n\n<p>U autobusu za Dubrovnik 16.05.2024. \u0107e biti lista koju svaki putnik treba ispuniti te vratiti voza\u010du. Lista \u0107e sadr\u017eavati va\u0161e osnovne podatke, a svrha je da popunjenu listu unaprijed dostavimo hotelima, u cilju br\u017eeg check- ina- a na dolasku u hotele.<\/p>\n\n\n\n<p><strong>BUS- Vara\u017edin, Zagreb, Karlovac, Zadar, \u0160ibenik, Split, Dubrovnik- POLAZNI TRANSFER 16.05.2024.<\/strong><\/p>\n\n\n\n<figure class=\"wp-block-table\"><table><tbody><tr><td class=\"has-text-align-center\" data-align=\"center\"><strong>VRIJEME POLASKA<\/strong><\/td><td>                           <strong>  MJESTO POLASKA<\/strong><\/td><td class=\"has-text-align-center\" data-align=\"center\"><strong>KONTAKT OSOBA<\/strong><\/td><\/tr><tr><td class=\"has-text-align-center\" data-align=\"center\">04:30<\/td><td>VARA\u017dDIN &#8211; Gradski bazeni Vara\u017edin, Zagreba\u010dka 85a, Vara\u017edin<\/td><td class=\"has-text-align-center\" data-align=\"center\" rowspan=\"6\">\u0160ime Korpar Lemac 099\/3393-399<br><br><\/td><\/tr><tr><td class=\"has-text-align-center\" data-align=\"center\">06:30<\/td><td>ZAGREB &#8211; AK Zagreb, peron 502<\/td><\/tr><tr><td class=\"has-text-align-center\" data-align=\"center\">Oko 07:20<\/td><td>KARLOVAC &#8211; BP Petrol kod NP Karlovac&nbsp;<\/td><\/tr><tr><td class=\"has-text-align-center\" data-align=\"center\">Oko 10:20<\/td><td>ZADAR &#8211; BP INA ex Brala NP Zadar zapad<\/td><\/tr><tr><td class=\"has-text-align-center\" data-align=\"center\">Oko 11:10<\/td><td>\u0160IBENIK &#8211; Dokrcaj NP \u0160ibenik<\/td><\/tr><tr><td class=\"has-text-align-center\" data-align=\"center\">Oko 12:00<\/td><td>SPLIT &#8211; Dokrcaj NP Dugopolje<\/td><\/tr><\/tbody><\/table><\/figure>\n\n\n\n<p><strong>BUS- Vara\u017edin, Zagreb, Karlovac, Zadar, \u0160ibenik, Split, Dubrovnik- POVRATNI TRANSFER 19.05.2024.<\/strong><\/p>\n\n\n\n<figure class=\"wp-block-table\"><table><tbody><tr><td>&nbsp; Hotel Argosy- 13:15 &nbsp;<\/td><td>&nbsp; Hotel Tirena- 13:25 &nbsp;<\/td><td>&nbsp; Hotel Lacroma- 13:35<\/td><td>&nbsp; Hotel Sunny- 13:45 &nbsp;<\/td><\/tr><\/tbody><\/table><\/figure>\n","protected":false},"excerpt":{"rendered":"<p>Sve putnike koji su izabrali opciju putovanja autobusom prema Dubrovniku molimo da po\u0161tuju navedene satnice, te da na mjesto ukrcaja do\u0111u najmanje 20&#8242; ranije. Autobusi kre\u0107u prema rasporedu vo\u017enje. REDOSLIJED ISKRCAJA\/ UKRCAJA ISKRCAJ 16.05.2024.- Hotel Valamar Sunny, Hotel Valamar Lacroma, Hotel Valamar Tirena, Hotel Valamar Argosy UKRCAJ 19.05.2024.- Hotel Valamar Argosy, Hotel Valamar Tirena, Hotel [&hellip;]<\/p>\n","protected":false},"author":623,"featured_media":0,"parent":33,"menu_order":0,"comment_status":"closed","ping_status":"closed","template":"","meta":{"footnotes":""},"class_list":["post-1160","page","type-page","status-publish","hentry"],"_links":{"self":[{"href":"https:\/\/farmaceut.org\/7kongres\/wp-json\/wp\/v2\/pages\/1160","targetHints":{"allow":["GET"]}}],"collection":[{"href":"https:\/\/farmaceut.org\/7kongres\/wp-json\/wp\/v2\/pages"}],"about":[{"href":"https:\/\/farmaceut.org\/7kongres\/wp-json\/wp\/v2\/types\/page"}],"author":[{"embeddable":true,"href":"https:\/\/farmaceut.org\/7kongres\/wp-json\/wp\/v2\/users\/623"}],"replies":[{"embeddable":true,"href":"https:\/\/farmaceut.org\/7kongres\/wp-json\/wp\/v2\/comments?post=1160"}],"version-history":[{"count":6,"href":"https:\/\/farmaceut.org\/7kongres\/wp-json\/wp\/v2\/pages\/1160\/revisions"}],"predecessor-version":[{"id":1175,"href":"https:\/\/farmaceut.org\/7kongres\/wp-json\/wp\/v2\/pages\/1160\/revisions\/1175"}],"up":[{"embeddable":true,"href":"https:\/\/farmaceut.org\/7kongres\/wp-json\/wp\/v2\/pages\/33"}],"wp:attachment":[{"href":"https:\/\/farmaceut.org\/7kongres\/wp-json\/wp\/v2\/media?parent=1160"}],"curies":[{"name":"wp","href":"https:\/\/api.w.org\/{rel}","templated":true}]}}