{"id":32,"date":"2022-07-21T11:44:10","date_gmt":"2022-07-21T09:44:10","guid":{"rendered":"http:\/\/matija.srcek"},"modified":"2023-12-28T11:03:01","modified_gmt":"2023-12-28T10:03:01","slug":"dobrodosli","status":"publish","type":"page","link":"https:\/\/farmaceut.org\/7kongres\/","title":{"rendered":"Dobrodo\u0161li"},"content":{"rendered":"\n<p>Po\u0161tovane kolegice i kolege!<\/p>\n\n\n\n<p>Osobita mi je \u010dast za\u017eeljeti Vam dobrodo\u0161licu na 7. hrvatskom kongresu farmacije s me\u0111unarodnim sudjelovanjem koji \u0107e se odr\u017eati od 16. do 19. svibnja 2024. godine u Hotelu Valamar Lacroma u Dubrovniku.<\/p>\n\n\n\n<p>Organizator je Hrvatsko farmaceutsko dru\u0161tvo u suradnji s Farmaceutsko-biokemijskim fakultetom Sveu\u010dili\u0161ta u Zagrebu i Agencijom za lijekove i medicinske proizvode RH. U organizaciji Kongresa sudjeluju i kolege sa Studija farmacije Medicinskog fakulteta Sveu\u010dili\u0161ta u Rijeci te Studija farmacije Medicinskog fakulteta Sveu\u010dili\u0161ta u Splitu.<\/p>\n\n\n\n<p>Na kogresu se o\u010dekuje \u0161iroko sudjelovanje kolegica i kolega farmaceuta te stru\u010dnjaka iz farmaciji srodnih struka iz Hrvatske, kao i iz drugih Europskih zemalja. Pozivu organizatora odazvali su se \u010delnici visokih dr\u017eavnih institucija, me\u0111unarodnih stru\u010dnih udruga, farmaceutskih i srodnih fakulteta, farmaceutske industrije te mnogi istaknuti stru\u010dnjaci iz Hrvatske i inozemstva.<\/p>\n\n\n\n<p>Moto kongresa je &#8220;<strong>Inovacije u farmaciji za bolje ishode lije\u010denja<\/strong>\u201d<\/p>\n\n\n\n<p>Znanstveni i stru\u010dni program kongresa obuhva\u0107a preko 70 predavanja, kako pozvanih stranih i doma\u0107ih stru\u010dnjaka, tako i slobodno prijavljenih predavanja, nekoliko radionica, panel rasprava, foruma te brojna posterska izlaganja. Kongresni program podijeljen je u 20 tematskih cjelina koje obuhva\u0107aju \u0161irok spektar tema iz podru\u010dja farmaceutske struke i znanosti. Kroz teme poput javnog i bolni\u010dkog ljekarni\u0161tva, klini\u010dke i onkolo\u0161ke farmacije, regulative, istra\u017eivanja i razvoja lijekova te trendova u farmaceutskoj industriji, kongres \u0107e pru\u017eiti jedinstvenu priliku za prikaz najnovijih saznanja i inovacija iz \u0161irokog podru\u010dja farmacije. Tako\u0111er, biti \u0107e uklju\u010dene aktualne i suvremene teme poput novih trendova u izobrazbi farmaceuta, farmakoekonomike, sinergije znanosti i prakse u suvremenoj fitofarmaciji te digitalne farmacije i zdravstva.<\/p>\n\n\n\n<p>Vjerujemo da \u0107e na\u0161 bogati program omogu\u0107iti svim sudionicima pronala\u017eenje zanimljivih i korisnih sadr\u017eaja te potaknuti kolegice i kolege na aktivno sudjelovanje u raspravama o novim trendovima u farmaciji. Nadamo se i da \u0107e kongres biti prigoda za ugodna dru\u017eenja, susrete s kolegama, prijateljima i poslovnim partnerima. Tome \u0107e zasigurno svojom jedinstvenom ljepotom, \u0161armom i gostoprimstvom pridonijeti i sam Dubrovnik, koji ve\u0107 desetlje\u0107ima privla\u010di turiste iz svih krajeva svijeta.<\/p>\n\n\n\n<p>Veselimo se zajedni\u010dkom dru\u017eenju!<\/p>\n\n\n\n<p>Dobrodo\u0161li u Dubrovnik!<\/p>\n\n\n\n<div class=\"wp-block-group has-global-padding is-layout-constrained wp-container-core-group-is-layout-19e250f3 wp-block-group-is-layout-constrained\">\n<div class=\"wp-block-group is-content-justification-right is-nowrap is-layout-flex wp-container-core-group-is-layout-17124a9a wp-block-group-is-layout-flex\">\n<figure class=\"wp-block-image size-full is-resized\"><img loading=\"lazy\" decoding=\"async\" width=\"250\" height=\"82\" src=\"https:\/\/farmaceut.org\/7kongres\/wp-content\/uploads\/2023\/12\/Vesna-Bacic-Vrca-potpis.webp\" alt=\"\" class=\"wp-image-1020\" style=\"width:235px;height:auto\"\/><\/figure>\n<\/div>\n\n\n\n<p class=\"has-text-align-right\">Predsjednica Organizacijskog i Znanstveno-stru\u010dnog odbora<br>Prof. dr. sc. Vesna Ba\u010di\u0107 Vrca<\/p>\n<\/div>\n","protected":false},"excerpt":{"rendered":"<p>Po\u0161tovane kolegice i kolege! Osobita mi je \u010dast za\u017eeljeti Vam dobrodo\u0161licu na 7. hrvatskom kongresu farmacije s me\u0111unarodnim sudjelovanjem koji \u0107e se odr\u017eati od 16. do 19. svibnja 2024. godine u Hotelu Valamar Lacroma u Dubrovniku. Organizator je Hrvatsko farmaceutsko dru\u0161tvo u suradnji s Farmaceutsko-biokemijskim fakultetom Sveu\u010dili\u0161ta u Zagrebu i Agencijom za lijekove i medicinske [&hellip;]<\/p>\n","protected":false},"author":1,"featured_media":0,"parent":0,"menu_order":0,"comment_status":"closed","ping_status":"closed","template":"","meta":{"footnotes":""},"class_list":["post-32","page","type-page","status-publish","hentry"],"_links":{"self":[{"href":"https:\/\/farmaceut.org\/7kongres\/wp-json\/wp\/v2\/pages\/32","targetHints":{"allow":["GET"]}}],"collection":[{"href":"https:\/\/farmaceut.org\/7kongres\/wp-json\/wp\/v2\/pages"}],"about":[{"href":"https:\/\/farmaceut.org\/7kongres\/wp-json\/wp\/v2\/types\/page"}],"author":[{"embeddable":true,"href":"https:\/\/farmaceut.org\/7kongres\/wp-json\/wp\/v2\/users\/1"}],"replies":[{"embeddable":true,"href":"https:\/\/farmaceut.org\/7kongres\/wp-json\/wp\/v2\/comments?post=32"}],"version-history":[{"count":9,"href":"https:\/\/farmaceut.org\/7kongres\/wp-json\/wp\/v2\/pages\/32\/revisions"}],"predecessor-version":[{"id":1021,"href":"https:\/\/farmaceut.org\/7kongres\/wp-json\/wp\/v2\/pages\/32\/revisions\/1021"}],"wp:attachment":[{"href":"https:\/\/farmaceut.org\/7kongres\/wp-json\/wp\/v2\/media?parent=32"}],"curies":[{"name":"wp","href":"https:\/\/api.w.org\/{rel}","templated":true}]}}