{"id":36,"date":"2022-07-21T11:44:10","date_gmt":"2022-07-21T09:44:10","guid":{"rendered":"http:\/\/matija.srcek"},"modified":"2023-12-29T15:04:20","modified_gmt":"2023-12-29T14:04:20","slug":"generalni-uvjeti","status":"publish","type":"page","link":"https:\/\/farmaceut.org\/7kongres\/osnovne-informacije\/generalni-uvjeti\/","title":{"rendered":"Generalni uvjeti"},"content":{"rendered":"\n<p>7. HRVATSKI KONGRES FARMACIJE je planiran u\u017eivo, u hotelu Valamar Lacroma u Dubrovniku, u periodu 16. \u2013 19.05.2024.<\/p>\n\n\n\n<p>Otkazivanje:<\/p>\n\n\n\n<ul class=\"wp-block-list\">\n<li>do 08.04.2024. \u2013 bez naknade<\/li>\n\n\n\n<li>do 25.04.2024. \u2013 50 \u20ac po osobi<\/li>\n\n\n\n<li>do 09.05.2024. \u2013 70 \u20ac po osobi<\/li>\n\n\n\n<li>od 09.05.2024. \u2013 zadr\u017eava se cjelokupni iznos uplate&nbsp;<\/li>\n<\/ul>\n\n\n\n<p>* tro\u0161ak otkazivanja se odnosi na sve usluge koje se otkazuju, po osobi<br>** Studenti su isklju\u010deni iz pla\u0107anja naknada za otkazivanje<\/p>\n\n\n\n<h2 class=\"wp-block-heading\">Izmjene usluga, imena i faktura<\/h2>\n\n\n\n<p>Ljubazno vas molimo da poslanu ponudu\/ fakturu pregledate, jer je izmjena imena u prijavi odnosno ponudi\/ fakturi za skup te izmjena usluga i datuma mogu\u0107a bez naplate do 25.04.2024.<\/p>\n\n\n\n<p>Od 25.04.2024. svaka izmjena napla\u0107uje se 5,00 \u20ac po promjeni radi daljnjih operativnih postupaka, stoga vas molimo za va\u0161u punu pa\u017enju i preciznost prilikom unosa podataka.<\/p>\n\n\n\n<h2 class=\"wp-block-heading\">Pla\u0107anje<\/h2>\n\n\n\n<p>Mogu\u0107i na\u010din pla\u0107anja je bankovna doznaka.<\/p>\n\n\n\n<p><strong>Za uplate putem banke:<\/strong>&nbsp;broj predra\u010duna pod \u201epoziv na broj\u201c.<\/p>\n\n\n\n<p>Bankovne naknade su odgovornost uplatitelja te je platitelj du\u017ean podmiriti sve bankovne naknade.<\/p>\n\n\n\n<p>Kori\u0161tenje osobnih podataka&nbsp;i snimljenih fotografija tijekom Kongresa<\/p>\n\n\n\n<p>Podaci prikupljeni putem prijave za sudjelovanje na 7. HRVATSKOM KONGRESU FARMACIJE, od 16. do 19. svibnja 2029.&nbsp; (dalje: 7.HKF) mogu se smatrati osobnim podacima te podlijegati za\u0161titi propisanoj Uredbom (EU) 2016\/679 EU Parlamenta i Vije\u0107a od 27. travnja 2016. godine o za\u0161titi pojedinaca u vezi s obradom osobnih podataka i slobodnom kretanju takvih podataka te o stavljanju izvan snage Direktive 95\/46\/EZ (<strong>Op\u0107a uredba o za\u0161titi podataka<\/strong>), kao i Zakonu o provedbi Op\u0107e uredbe o za\u0161titi osobnih podataka (NN 48\/2018).<\/p>\n\n\n\n<p>Osobni podaci zaprimljeni u prijavi na 7.HKF (dalje: Prijavnica) &nbsp;pohranjuju se na siguran na\u010din u bazi dru\u0161tva PENTA d.o.o., Zagreb, Izidora Kr\u0161njavoga 25, OIB: 31375495391 (dalje: Penta). Prijavom svaki sudionik potvr\u0111uje da se njegovi podaci smiju koristiti u svrhe organizacije Kongresa. U slu\u010daju da sudionik u Prijavnici ne unesene zatra\u017eene osobne podatke, ne\u0107e biti u mogu\u0107nosti izvr\u0161iti prijavu niti sudjelovati na 7.HKF.<\/p>\n\n\n\n<p>Penta osobne podatke navedene u Prijavnici prikuplja, obra\u0111uje i pohranjuje u ime Hrvatskog farmaceutskog dru\u0161tva, Zagreb, Masarykova 2, kao zajedni\u010dkih voditelja obrade osobnih podataka. Navedeni podaci \u0107e se prikupljati i obra\u0111ivati isklju\u010divo i samo u svrhu ostvarivanja prava i ispunjavanja obveza po osnovi Va\u0161e prijave i sudjelovanja na 7.HKF te slanja ra\u010duna za kotizaciju.<\/p>\n\n\n\n<p>Nadalje, prijavom potvr\u0111ujete da ste upoznati s pravom da u svakom trenutku od Zajedni\u010dkih voditelja obrade, odnosno od svakog od njih mo\u017eete zatra\u017eiti pristup Va\u0161im osobnim podacima, ispravak ili brisanje Va\u0161ih osobnih podataka ili ograni\u010davanje obrade, te pravo na prenosivost Va\u0161ih podataka.<\/p>\n\n\n\n<p>Zajedni\u010dki voditelji obrade i Penta kao izvr\u0161itelj obrade primjenjuju odgovaraju\u0107e tehni\u010dke i organizacijske mjere kako bi Va\u0161i osobni podaci bili sigurni i za\u0161ti\u0107eni od neovla\u0161tenog pristupa, zlouporabe, otkrivanja, gubitka ili uni\u0161tenja. Zajedni\u010dki voditelji obrade i Penta kao izvr\u0161itelj obrade \u0161tite Va\u0161u privatnost i \u010duvaju povjerljivost Va\u0161ih osobnih podataka prikupljenih u skladu s Prijavnicom. Zajedni\u010dki voditelji obrade ne\u0107e Va\u0161e osobne podatke proslje\u0111ivati niti razmjenjivati s tre\u0107im osobama, niti koristiti u bilo koju drugu svrhu izuzev u svrhu navedenu u Prijavnici. Penta kao izvr\u0161itelj obrade Va\u0161e osobne podatke proslje\u0111uje Ovla\u0161tenim primateljima isklju\u010divo u svrhu ostvarivanja prava i obveza koja proizlaze iz Va\u0161eg sudjelovanja na 7.HKF. Lista Ovla\u0161tenih primatelja redovno \u0107e se a\u017eurirati i objavljivat na za\u0161ti\u0107enoj stranici penta-pco.com. Penta kao izvr\u0161itelj obrade Va\u0161e osobne podatke pohranjuje, odnosno bri\u0161e ili vra\u0107a Zajedni\u010dkim voditeljima obrade, u skladu s nalogom pojedinog voditelja obrade.<\/p>\n\n\n\n<p>Kongres \u0107e biti fotografirana te pla\u0107anjem kotizacije odobravate kori\u0161tenje va\u0161ih fotografija u slu\u017ebene svrhe na slu\u017ebenih stranicama HFD-a i Kongresa.<\/p>\n","protected":false},"excerpt":{"rendered":"<p>7. HRVATSKI KONGRES FARMACIJE je planiran u\u017eivo, u hotelu Valamar Lacroma u Dubrovniku, u periodu 16. \u2013 19.05.2024. Otkazivanje: * tro\u0161ak otkazivanja se odnosi na sve usluge koje se otkazuju, po osobi** Studenti su isklju\u010deni iz pla\u0107anja naknada za otkazivanje Izmjene usluga, imena i faktura Ljubazno vas molimo da poslanu ponudu\/ fakturu pregledate, jer je [&hellip;]<\/p>\n","protected":false},"author":1,"featured_media":0,"parent":33,"menu_order":0,"comment_status":"closed","ping_status":"closed","template":"","meta":{"footnotes":""},"class_list":["post-36","page","type-page","status-publish","hentry"],"_links":{"self":[{"href":"https:\/\/farmaceut.org\/7kongres\/wp-json\/wp\/v2\/pages\/36","targetHints":{"allow":["GET"]}}],"collection":[{"href":"https:\/\/farmaceut.org\/7kongres\/wp-json\/wp\/v2\/pages"}],"about":[{"href":"https:\/\/farmaceut.org\/7kongres\/wp-json\/wp\/v2\/types\/page"}],"author":[{"embeddable":true,"href":"https:\/\/farmaceut.org\/7kongres\/wp-json\/wp\/v2\/users\/1"}],"replies":[{"embeddable":true,"href":"https:\/\/farmaceut.org\/7kongres\/wp-json\/wp\/v2\/comments?post=36"}],"version-history":[{"count":10,"href":"https:\/\/farmaceut.org\/7kongres\/wp-json\/wp\/v2\/pages\/36\/revisions"}],"predecessor-version":[{"id":1054,"href":"https:\/\/farmaceut.org\/7kongres\/wp-json\/wp\/v2\/pages\/36\/revisions\/1054"}],"up":[{"embeddable":true,"href":"https:\/\/farmaceut.org\/7kongres\/wp-json\/wp\/v2\/pages\/33"}],"wp:attachment":[{"href":"https:\/\/farmaceut.org\/7kongres\/wp-json\/wp\/v2\/media?parent=36"}],"curies":[{"name":"wp","href":"https:\/\/api.w.org\/{rel}","templated":true}]}}