{"id":41,"date":"2022-07-21T11:44:10","date_gmt":"2022-07-21T09:44:10","guid":{"rendered":"http:\/\/matija.srcek"},"modified":"2024-04-23T18:11:54","modified_gmt":"2024-04-23T16:11:54","slug":"sazeci-eposteri","status":"publish","type":"page","link":"https:\/\/farmaceut.org\/7kongres\/sazeci-eposteri\/","title":{"rendered":"Sa\u017eeci i e-posteri"},"content":{"rendered":"\n<p>U plenarnim i sekcijskim predavanjima Kongresa bit \u0107e prikazana nova dostignu\u0107a u farmaceutskim znanostima te izazovi i napreci u farmaceutskoj praksi.<\/p>\n\n\n\n<p>Pozivamo Vas da aktivno sudjelujete u kreiranju Kongresnog programa, prijavom predavanja ili posterskog izlaganja u jednoj od navedenih cjelina:<\/p>\n\n\n\n<ol class=\"wp-block-list\">\n<li>Bolni\u010dko ljekarni\u0161tvo<\/li>\n\n\n\n<li>Digitalna rje\u0161enja u farmaciji<\/li>\n\n\n\n<li>Dobre prakse u proizvodnji i prometu lijekova<\/li>\n\n\n\n<li>Farmaceutska izobrazba i trajno usavr\u0161avanje<\/li>\n\n\n\n<li>Farmaceutske znanosti<\/li>\n\n\n\n<li>Farmaceutski menad\u017ement i farmakoekonomika<\/li>\n\n\n\n<li>Fitofarmacija i dodaci prehrani<\/li>\n\n\n\n<li>Inovativne tehnologije oblikovanja lijekova<\/li>\n\n\n\n<li>Javno ljekarni\u0161tvo<\/li>\n\n\n\n<li>Klini\u010dka farmacija<\/li>\n\n\n\n<li>Kozmetologija i dermatofarmacija<\/li>\n\n\n\n<li>Magistralni i galenski pripravci &#8211; tradicija i inovacije<\/li>\n\n\n\n<li>Onkolo\u0161ka farmacija<\/li>\n\n\n\n<li>Regulatorna znanost<\/li>\n\n\n\n<li>Razli\u010dito<\/li>\n<\/ol>\n\n\n\n<p>Na\u010dini izlaganja stru\u010dnih i znanstvenih tema:<br>plenarna predavanja (30 minuta), predavanja (20 ili 15 minuta), usmena priop\u0107enja 10 minuta i posterska izlaganja.<\/p>\n\n\n\n<h2 class=\"wp-block-heading\">Upute autorima<\/h2>\n\n\n\n<p>Aktivno sudjelovanje u radu Kongresa odvijat \u0107e se usmenim i posterskim izlaganjima iz farmacije i drugih srodnih podru\u010dja te se prijavljuje putem slu\u017ebene web stranice <a href=\"http:\/\/www.farmaceut.org\/\"><strong>www.farmaceut.org<\/strong><\/a><\/p>\n\n\n\n<p>U tu svrhu nu\u017eno je poslati sa\u017eetak rada, nazna\u010diti tematsku cjelinu [1-15] kojoj rad pripada te \u017eeljeni na\u010din izlaganja. Sa\u017eetke radova treba napisati prema uputama za pisanje sa\u017eetaka te poslati elektroni\u010dkim putem slu\u017ebene web stranice najkasnije do 20<strong>. velja\u010de 2024.<\/strong><\/p>\n\n\n\n<p>Organizator \u0107e do 15<strong>. o\u017eujka 2024. <\/strong>obavijestiti autore o prihva\u0107anju sa\u017eetaka radova kao i o eventualno predlo\u017eenoj promjeni na\u010dina izlaganja.<\/p>\n\n\n\n<h2 class=\"wp-block-heading\">Pisanje sa\u017eetaka<\/h2>\n\n\n\n<p>Prijava sa\u017eetaka u standardnom obliku obavlja se online, preko online sustava. Sukladno tome, molimo sve da prijave sa\u017eetaka naprave prema uputama u nastavku.<br>Molimo, pridr\u017eavajte se zadanih rokova za prijavu, jer svi sa\u017eetci moraju biti odobreni prije pripreme za tisak. Svi odobreni sa\u017eetci predavanja i e- posteri bit \u0107e objavljeni u&nbsp; <strong>Knjizi sa\u017eetaka.<\/strong><br><\/p>\n\n\n\n<p>Sa\u017eetak mo\u017ee biti napisan na hrvatskom (s obveznim i engleskim naslovom) ili engleskom jeziku (s obveznim i hrvatskim naslovom).<\/p>\n\n\n\n<p>Potrebno je nazna\u010diti tematsku cjelinu i \u017eeljeni na\u010din izlaganja (usmeno izlaganje ili poster), te unijeti imena svih autora, a ime autora koji \u0107e izlagati podcrtati te navesti kontakt za dopisivanje.<\/p>\n\n\n\n<p>Tekst sa\u017eetka treba biti strukturiran tako da po mogu\u0107nosti obuhva\u0107a svrhu rada, opis materijala i metoda, rezultate rada i zaklju\u010dak.<\/p>\n\n\n\n<p>Sa\u017eetak ne smije prelaziti zadani okvir od 3000 znakova (razmaci uklju\u010deni). &nbsp;<\/p>\n\n\n\n<p><strong>Odgovornost za stru\u010dnu i jezi\u010dnu primjerenost svih sa\u017eetka preuzimaju autori.<\/strong><\/p>\n\n\n\n<p>Tako\u0111er, pozivamo kolegice i kolege da sudjeluju na Kongresu putem e-postera, za \u0161to je potrebno do nazna\u010denog datuma poslati sa\u017eetak posterskog izlaganja. Autori prihva\u0107enih sa\u017eetaka usmenih izlaganja i e-postera mo\u0107i \u0107e svoju prijavu za sudjelovanje realizirati po ni\u017eoj kotizaciji (do 20. velja\u010de 2024.). E- posteri bit \u0107e dostupni za pregledavanje tijekom trajanja Kongresa u dvoranama gdje se odr\u017eava Kongres, pa \u0107e ih sudionici mo\u0107i pogledati prema vlastitom interesu.<\/p>\n\n\n\n<p><strong>Napomena: slanje sa\u017eetaka ne&nbsp;podrazumijeva ujedno i prijavu za sudjelovanje<\/strong><\/p>\n\n\n\n<h2 class=\"wp-block-heading\">Rokovi<\/h2>\n\n\n\n<figure class=\"wp-block-table\"><table><tbody><tr><td>Rok za predaju sa\u017eetaka stru\u010dnih predavanja i sa\u017eetaka e-postera<\/td><td class=\"has-text-align-center\" data-align=\"center\">20. velja\u010de 2024.<\/td><\/tr><tr><td>Obavijest autorima o prihva\u0107anju sa\u017eetka stru\u010dnih predavanja i sa\u017eetka e-postera<\/td><td class=\"has-text-align-center\" data-align=\"center\">15. o\u017eujka 2024.<\/td><\/tr><tr><td>Rok za predaju oglasa i sa\u017eetaka sponzoriranih predavanja za digitalnu knjigu sa\u017eetaka<\/td><td class=\"has-text-align-center\" data-align=\"center\">20. travnja 2024.<\/td><\/tr><tr><td>Rok za predaju e-postera<\/td><td class=\"has-text-align-center\" data-align=\"center\">25. travnja 2024.<\/td><\/tr><tr><td>Rok za pla\u0107anje kotizacije<\/td><td class=\"has-text-align-center\" data-align=\"center\">5. svibnja 2024.<\/td><\/tr><\/tbody><\/table><figcaption class=\"wp-element-caption\"><br>OBJAVLJIVANJE RADOVA<br>\u00a0<br>Svi pravodobno pristigli sa\u017eeci bit \u0107e uvr\u0161teni u digitalnu knjigu sa\u017eetaka. Pozivamo autore znanstvenih i preglednih radova da ih u pro\u0161irenom obliku predlo\u017ee za objavljivanje u \u010dasopisu <em>Acta Pharmaceutica<\/em>, a autore stru\u010dnih radova da ih predlo\u017ee za objavu u <em>Farmaceutskom glasniku<\/em>. Rukopise valja pripraviti u skladu s uputama autorima pripadaju\u0107eg \u010dasopisa. Svi radovi podlije\u017eu uobi\u010dajenom postupku recenzije. \u010casopis <em>Acta Pharmaceutica<\/em> planira izdati posebni kongresni broj u tijeku 2024. s radovima predstavljenim na kongresu. Stoga pozivamo sudionike kongresa, znanstvenike i prakti\u010dare, da za taj broj po\u0161alju originalni znanstveni rad ili kratko priop\u0107enje s rezultatima svoga istra\u017eivanja. Rad smije sadr\u017eavati samo neobjavljene rezultate i ne smije biti predlo\u017een za objavu u drugom \u010dasopisu ili virtualnom mediju, te treba biti napisan na engleskom jeziku. Rok za slanje radova je <strong>30. svibnja 2024<\/strong>.<\/figcaption><\/figure>\n\n\n\n<h2 class=\"wp-block-heading\">Upute za pisanje sa\u017eetaka<\/h2>\n\n\n\n<ul class=\"wp-block-list\">\n<li>sa\u017eetak pisati na hrvatskom jeziku (s obveznim i engleskim naslovom) ili engleskom jeziku (s obveznim i hrvatskim naslovom)<\/li>\n\n\n\n<li>naslov \u2013 na hrvatskom ili engleskom jeziku \u2013 velikim slovima<\/li>\n\n\n\n<li>ime i prezime autora i koautora pisati bez titula<\/li>\n\n\n\n<li>ime i prezime autora koji \u0107e izlagati rad podcrtati<\/li>\n\n\n\n<li>navesti slu\u017ebeni naziv i adresu institucije autora i koautora na hrvatskom jeziku<\/li>\n\n\n\n<li>numeri\u010dki povezati autora i instituciju<\/li>\n\n\n\n<li>navesti e-mail adresu prvog autora<\/li>\n\n\n\n<li>tekst sa\u017eetka treba biti strukturiran tako da po mogu\u0107nosti obuhva\u0107a svrhu rada, opis materijala i metoda, rezultate rada i zaklju\u010dak<\/li>\n\n\n\n<li>literaturu navesti na kraju teksta<\/li>\n\n\n\n<li>reference je potrebno numeri\u010dki navoditi u tekstu sa\u017eetka<\/li>\n\n\n\n<li>koristiti font Times New Roman, veli\u010dina 10<\/li>\n\n\n\n<li>prored me\u0111u redovima 1.15<\/li>\n\n\n\n<li>opseg sa\u017eetka: max 3000 znakova (razmaci uklju\u010deni)<\/li>\n\n\n\n<li>klju\u010dne rije\u010di: 3 do 6 rije\u010di ili fraza, odvojenih zarezom<\/li>\n<\/ul>\n\n\n\n<div class=\"wp-block-buttons is-content-justification-center is-layout-flex wp-container-core-buttons-is-layout-a89b3969 wp-block-buttons-is-layout-flex\">\n<div class=\"wp-block-button\"><a class=\"wp-block-button__link wp-element-button\" href=\"https:\/\/farmaceut.org\/7kongres\/wp-content\/uploads\/2023\/12\/Uzorak-sazetka.docx\">Uzorak sa\u017eetka<\/a><\/div>\n<\/div>\n\n\n\n<p><strong>Napomena!<\/strong><\/p>\n\n\n\n<p>Sa\u017eetci ne\u0107e biti lektorirani \u2013 za jezi\u010dnu i sadr\u017eajnu ispravnost odgovara autor.<\/p>\n\n\n\n<p>Ukoliko imate pote\u0161ko\u0107a s online prijavom sa\u017eetka, molimo Vas da nam ga po\u0161aljete na mail <a href=\"mailto:branka.zorc@yahoo.com\">branka.zorc@yahoo.com<\/a> i <a href=\"mailto:ana.zunic@penta-zagreb.hr\">marina.carevic@farmaceut.org<\/a>\u00a0skupa sa svim informacijama. <\/p>\n\n\n\n<p style=\"border:2px solid #ff0000; padding: 10px 20px;\"><strong style=\"color:#ff0000\";>Zavr\u0161eno je zaprimanje sa\u017eetaka za SLOBODNE TEME \u2013 usmeno izlaganje i sa\u017eetaka za e-postere.<br\/>Hvala svima na poslanim sa\u017eecima.<\/strong><\/p>\n\n\n\n<p><strong>Upute za pripremu e-postera<\/strong>:<\/p>\n\n\n\n<ul class=\"wp-block-list\">\n<li>poster mora biti pisan na hrvatskom jeziku<\/li>\n\n\n\n<li>online slanje e-postera biti \u0107e mogu\u0107e tek nakon \u0161to Organizacijski odbor donese odluku o prihva\u0107enim sa\u017eetcima o \u010demu \u0107ete biti pravovremeno obavije\u0161teni.<\/li>\n\n\n\n<li>svaki e-poster mora biti predan online. Autori koji su ve\u0107 predali svoj sa\u017eetak online moraju se prijaviti na sustav sa svojim korisni\u010dkim imenom i lozinkom. Nakon prijave potrebno je kliknuti na \u201cAbstract submission\u201d. Za svaki prijavljeni sa\u017eetak pojavit \u0107e se gumb \u201cUpload\u201d.<\/li>\n\n\n\n<li>svaki e-poster mora biti predan od iste osobe (korisni\u010dkog ra\u010duna) koja je predala sa\u017eetak.<\/li>\n<\/ul>\n\n\n\n<p>Svi odobreni posteri biti \u0107e prikazani u elektronskom obliku (e-posteri) na monitorima tokom odr\u017eavanja Kongresa.<\/p>\n\n\n\n<p><strong>Spremanje e-postera u .jpg \/ .png formatu:<\/strong><\/p>\n\n\n\n<p>\u2022 dimenzije e-postera moraju biti 1920\u00d71080 piksela (pejza\u017eni format).<br>\u2022 molimo da ne koristite fontove manje veli\u010dine od 10pt.<br>\u2022&nbsp; veli\u010dina datoteke mora biti manja od 20 MB.<\/p>\n\n\n\n<p><strong>Spremanje e-postera izra\u0111enog u PowerPoint formatu (Save As .jpg \/ .png):<\/strong><\/p>\n\n\n\n<p>\u2022 e-poster mora sadr\u017eavati SAMO JEDAN slide na kojem je prikazan cijeli sadr\u017eaj postera.<br>\u2022 molimo da ne koristite fontove manje veli\u010dine od 10pt.<br>\u2022 veli\u010dina datoteke mora biti manja od 20 MB.<br>\u2022 dozvoljen je samo jedan e-poster po sa\u017eetku<br>\u2022 e-posteri ne smiju sadr\u017eavati audio \/ video zapise ili pokretne slike.<\/p>\n\n\n\n<p>Kako bi e-poster prilikom spremanja odgovarao potrebnim dimenzijama, mo\u017eete preuzeti <a href=\"https:\/\/farmaceut.org\/7kongres\/wp-content\/uploads\/2023\/12\/E-poster-template.pptx\">prazni predlo\u017eak e-postera<\/a>.<\/p>\n\n\n\n<div class=\"wp-block-buttons is-content-justification-center is-layout-flex wp-container-core-buttons-is-layout-a89b3969 wp-block-buttons-is-layout-flex\">\n<div class=\"wp-block-button\"><a class=\"wp-block-button__link wp-element-button\" href=\"https:\/\/farmaceut.org\/slanje-sazetka\/\">Predaja sa\u017eetaka i e-postera <\/a><\/div>\n<\/div>\n","protected":false},"excerpt":{"rendered":"<p>U plenarnim i sekcijskim predavanjima Kongresa bit \u0107e prikazana nova dostignu\u0107a u farmaceutskim znanostima te izazovi i napreci u farmaceutskoj praksi. Pozivamo Vas da aktivno sudjelujete u kreiranju Kongresnog programa, prijavom predavanja ili posterskog izlaganja u jednoj od navedenih cjelina: Na\u010dini izlaganja stru\u010dnih i znanstvenih tema:plenarna predavanja (30 minuta), predavanja (20 ili 15 minuta), usmena [&hellip;]<\/p>\n","protected":false},"author":1,"featured_media":0,"parent":0,"menu_order":0,"comment_status":"closed","ping_status":"closed","template":"","meta":{"footnotes":""},"class_list":["post-41","page","type-page","status-publish","hentry"],"_links":{"self":[{"href":"https:\/\/farmaceut.org\/7kongres\/wp-json\/wp\/v2\/pages\/41","targetHints":{"allow":["GET"]}}],"collection":[{"href":"https:\/\/farmaceut.org\/7kongres\/wp-json\/wp\/v2\/pages"}],"about":[{"href":"https:\/\/farmaceut.org\/7kongres\/wp-json\/wp\/v2\/types\/page"}],"author":[{"embeddable":true,"href":"https:\/\/farmaceut.org\/7kongres\/wp-json\/wp\/v2\/users\/1"}],"replies":[{"embeddable":true,"href":"https:\/\/farmaceut.org\/7kongres\/wp-json\/wp\/v2\/comments?post=41"}],"version-history":[{"count":10,"href":"https:\/\/farmaceut.org\/7kongres\/wp-json\/wp\/v2\/pages\/41\/revisions"}],"predecessor-version":[{"id":1149,"href":"https:\/\/farmaceut.org\/7kongres\/wp-json\/wp\/v2\/pages\/41\/revisions\/1149"}],"wp:attachment":[{"href":"https:\/\/farmaceut.org\/7kongres\/wp-json\/wp\/v2\/media?parent=41"}],"curies":[{"name":"wp","href":"https:\/\/api.w.org\/{rel}","templated":true}]}}