{"id":32,"date":"2022-07-21T11:44:10","date_gmt":"2022-07-21T09:44:10","guid":{"rendered":"http:\/\/matija.srcek"},"modified":"2022-07-25T10:19:36","modified_gmt":"2022-07-25T08:19:36","slug":"dobrodosli","status":"publish","type":"page","link":"https:\/\/farmaceut.org\/pharmacro2022\/","title":{"rendered":"Dobrodo\u0161li"},"content":{"rendered":"\n<p>Cijenjeni sudionici konferencije,<\/p>\n\n\n\n<p>\u010cast nam je i zadovoljstvo za\u017eeljeti vam dobrodo\u0161licu na Godi\u0161nju konferenciju farmaceuta Hrvatske PharmaCRO 2022 koja se ove godine odr\u017eava u\u017eivo u hotelu Sheraton u Zagrebu.<\/p>\n\n\n\n<p>Konferencija se odr\u017eava pod pokroviteljstvom Ministarstva zdravstva Republike Hrvatske. Velika nam je \u010dast da su se pozivu odazvali \u010delnici visokih dr\u017eavnih institucija, farmaceutske industrije te na\u0161i istaknuti stru\u010dnjaci.<\/p>\n\n\n\n<p>Tema ovogodi\u0161nje konferencije je <strong>\u201eLjekarni\u010dka skrb u podru\u010dju prehrane kroni\u010dnih bolesnika\u201c <\/strong>.<\/p>\n\n\n\n<p>Organizacijski odbor pripremio je bogati program koji uklju\u010duje predavanja i panel rasprave istaknutih javnih i bolni\u010dkih ljekarnika, lije\u010dnika i nutricionista iz podru\u010dja gastroenterologije, onkologije, kardiologije i dijabetologije te ima za cilj ukazati na ulogu i va\u017enost ljekarnika i multidisciplinarnog pristupa u skrbi kroni\u010dnih bolesnika.<\/p>\n\n\n\n<p>Udru\u017eenje farmaceuta Slavonije i Baranje predstavit \u0107e svoju regiju u okviru teme ovogodi\u0161nje konferencije s nizom interesantnih predavanja i postera.<\/p>\n\n\n\n<p>Uz radni dio konferencije pripremili smo i dru\u0161tvene sadr\u017eaje za susrete i neformalna dru\u017eenja s kolegama, prijateljima i poslovnim partnerima. Zahvaljujemo vam na sudjelovanju, Ministarstvu zdravstva RH na pokroviteljstvu, predava\u010dima na odazivu i podr\u0161ci, izlaga\u010dima na prate\u0107oj farmaceutskoj izlo\u017ebi te sponzorima na pomo\u0107i pri organizaciji.<\/p>\n\n\n\n<p>Veselimo se va\u0161em dolasku i dru\u017eenju tijekom Konferencije! <\/p>\n\n\n\n<p class=\"has-text-align-right\">Predsjednik organizacijskog odbora<\/p>\n\n\n\n<p class=\"has-text-align-right\">Dario Bri\u0161ki, mag. pharm.<\/p>\n\n\n<div class=\"wp-block-image\">\n<figure class=\"alignright size-full\"><img loading=\"lazy\" decoding=\"async\" width=\"329\" height=\"205\" src=\"https:\/\/farmaceut.org\/pharmacro2022\/wp-content\/uploads\/2022\/07\/dario-briski-potpis.webp\" alt=\"\" class=\"wp-image-100\" srcset=\"https:\/\/farmaceut.org\/pharmacro2022\/wp-content\/uploads\/2022\/07\/dario-briski-potpis.webp 329w, https:\/\/farmaceut.org\/pharmacro2022\/wp-content\/uploads\/2022\/07\/dario-briski-potpis-300x187.webp 300w\" sizes=\"auto, (max-width: 329px) 100vw, 329px\" \/><\/figure>\n<\/div>","protected":false},"excerpt":{"rendered":"<p>Cijenjeni sudionici konferencije, \u010cast nam je i zadovoljstvo za\u017eeljeti vam dobrodo\u0161licu na Godi\u0161nju konferenciju farmaceuta Hrvatske PharmaCRO 2022 koja se ove godine odr\u017eava u\u017eivo u hotelu Sheraton u Zagrebu. Konferencija se odr\u017eava pod pokroviteljstvom Ministarstva zdravstva Republike Hrvatske. Velika nam je \u010dast da su se pozivu odazvali \u010delnici visokih dr\u017eavnih institucija, farmaceutske industrije te na\u0161i [&hellip;]<\/p>\n","protected":false},"author":1,"featured_media":0,"parent":0,"menu_order":0,"comment_status":"closed","ping_status":"closed","template":"","meta":{"footnotes":""},"class_list":["post-32","page","type-page","status-publish","hentry"],"_links":{"self":[{"href":"https:\/\/farmaceut.org\/pharmacro2022\/wp-json\/wp\/v2\/pages\/32","targetHints":{"allow":["GET"]}}],"collection":[{"href":"https:\/\/farmaceut.org\/pharmacro2022\/wp-json\/wp\/v2\/pages"}],"about":[{"href":"https:\/\/farmaceut.org\/pharmacro2022\/wp-json\/wp\/v2\/types\/page"}],"author":[{"embeddable":true,"href":"https:\/\/farmaceut.org\/pharmacro2022\/wp-json\/wp\/v2\/users\/1"}],"replies":[{"embeddable":true,"href":"https:\/\/farmaceut.org\/pharmacro2022\/wp-json\/wp\/v2\/comments?post=32"}],"version-history":[{"count":4,"href":"https:\/\/farmaceut.org\/pharmacro2022\/wp-json\/wp\/v2\/pages\/32\/revisions"}],"predecessor-version":[{"id":180,"href":"https:\/\/farmaceut.org\/pharmacro2022\/wp-json\/wp\/v2\/pages\/32\/revisions\/180"}],"wp:attachment":[{"href":"https:\/\/farmaceut.org\/pharmacro2022\/wp-json\/wp\/v2\/media?parent=32"}],"curies":[{"name":"wp","href":"https:\/\/api.w.org\/{rel}","templated":true}]}}