{"id":581,"date":"2023-02-14T11:45:54","date_gmt":"2023-02-14T10:45:54","guid":{"rendered":"https:\/\/farmaceut.org\/pharmacro2023\/?page_id=581"},"modified":"2023-04-25T10:45:53","modified_gmt":"2023-04-25T08:45:53","slug":"smjestaj","status":"publish","type":"page","link":"https:\/\/farmaceut.org\/pharmacro2023\/osnovne-informacije\/smjestaj\/","title":{"rendered":"Smje\u0161taj"},"content":{"rendered":"\n<p>Godi\u0161nja konferencija farmaceuta Hrvatske PharmaCRO 2023 odr\u017eat \u0107e se u Hotelu Olympia Sky u Vodicama, u periodu 11. &#8211; 13.05.2023.<\/p>\n\n\n\n<p>Smje\u0161taj za sudionike Konferencije osiguran je u <a href=\"https:\/\/olympiavodice.hr\/hr\/\" target=\"_blank\" rel=\"noreferrer noopener\">hotelu Olympia<\/a> i <a href=\"https:\/\/olympiavodice.hr\/hr\/hotel-olympia-sky\" target=\"_blank\" rel=\"noreferrer noopener\">hotelu Olympia Sky<\/a>.<\/p>\n\n\n\n<p>Rezervacija smje\u0161taja je mogu\u0107a kroz obrazac za registraciju, a va\u0161a rezervacija je potvr\u0111ena uplatom cjelokupnog iznosa.<br>Online prijava uklju\u010duje korake za registraciju na konferenciju i rezervaciju smje\u0161taja.<\/p>\n\n\n\n<p>Rok za rezervaciju smje\u0161taja je&nbsp;<strong>05. svibnja 2023.<\/strong><\/p>\n\n\n\n<figure class=\"wp-block-table\"><table><thead><tr><th>HOTEL<\/th><th>CIJENA JEDNOKREVETNE SOBE<\/th><th>CIJENA DVOKREVETNE SOBE<\/th><\/tr><\/thead><tbody><tr><td>HOTEL OLYMPIA 4*<\/td><td>106,00 EUR<\/td><td>131,00 EUR<\/td><\/tr><tr><td>HOTEL OLYMPIA SKY 4*<\/td><td>152,00 EUR &#8211; RASPRODANO<\/td><td>174,00 EUR &#8211; RASPRODANO<\/td><\/tr><\/tbody><\/table><\/figure>\n\n\n\n<p><strong>Navedene cijene odnose se na no\u0107enje po sobi te uklju\u010duju:<\/strong>&nbsp;<\/p>\n\n\n\n<ul class=\"wp-block-list\">\n<li>no\u0107enje s doru\u010dkom&nbsp;<\/li>\n\n\n\n<li>PDV&nbsp;<\/li>\n\n\n\n<li>boravi\u0161nu pristojbu&nbsp;<\/li>\n<\/ul>\n\n\n\n<div style=\"height:16px\" aria-hidden=\"true\" class=\"wp-block-spacer\"><\/div>\n\n\n\n<p><strong>Va\u017eno:<\/strong>&nbsp;u slu\u010daju da sudionik nije u mogu\u0107nosti sudjelovati na konferenciji, potrebno je pisanim putem obavijestiti tehni\u010dkog organizatora na email ana.zunic@penta-zagreb.hr<\/p>\n","protected":false},"excerpt":{"rendered":"<p>Godi\u0161nja konferencija farmaceuta Hrvatske PharmaCRO 2023 odr\u017eat \u0107e se u Hotelu Olympia Sky u Vodicama, u periodu 11. &#8211; 13.05.2023. Smje\u0161taj za sudionike Konferencije osiguran je u hotelu Olympia i hotelu Olympia Sky. Rezervacija smje\u0161taja je mogu\u0107a kroz obrazac za registraciju, a va\u0161a rezervacija je potvr\u0111ena uplatom cjelokupnog iznosa.Online prijava uklju\u010duje korake za registraciju na [&hellip;]<\/p>\n","protected":false},"author":228,"featured_media":0,"parent":33,"menu_order":0,"comment_status":"closed","ping_status":"closed","template":"","meta":{"footnotes":""},"class_list":["post-581","page","type-page","status-publish","hentry"],"_links":{"self":[{"href":"https:\/\/farmaceut.org\/pharmacro2023\/wp-json\/wp\/v2\/pages\/581","targetHints":{"allow":["GET"]}}],"collection":[{"href":"https:\/\/farmaceut.org\/pharmacro2023\/wp-json\/wp\/v2\/pages"}],"about":[{"href":"https:\/\/farmaceut.org\/pharmacro2023\/wp-json\/wp\/v2\/types\/page"}],"author":[{"embeddable":true,"href":"https:\/\/farmaceut.org\/pharmacro2023\/wp-json\/wp\/v2\/users\/228"}],"replies":[{"embeddable":true,"href":"https:\/\/farmaceut.org\/pharmacro2023\/wp-json\/wp\/v2\/comments?post=581"}],"version-history":[{"count":5,"href":"https:\/\/farmaceut.org\/pharmacro2023\/wp-json\/wp\/v2\/pages\/581\/revisions"}],"predecessor-version":[{"id":618,"href":"https:\/\/farmaceut.org\/pharmacro2023\/wp-json\/wp\/v2\/pages\/581\/revisions\/618"}],"up":[{"embeddable":true,"href":"https:\/\/farmaceut.org\/pharmacro2023\/wp-json\/wp\/v2\/pages\/33"}],"wp:attachment":[{"href":"https:\/\/farmaceut.org\/pharmacro2023\/wp-json\/wp\/v2\/media?parent=581"}],"curies":[{"name":"wp","href":"https:\/\/api.w.org\/{rel}","templated":true}]}}